{"id":28131,"date":"2022-11-30T11:03:15","date_gmt":"2022-11-30T10:03:15","guid":{"rendered":"https:\/\/www.bodeca.es\/?post_type=product&#038;p=28131"},"modified":"2023-02-27T20:20:46","modified_gmt":"2023-02-27T19:20:46","slug":"vino-irium-gold","status":"publish","type":"product","link":"https:\/\/www.bodeca.es\/en\/producto\/vino-irium-gold\/","title":{"rendered":"Vino Irium Gold"},"content":{"rendered":"<p>Vino<a href=\"https:\/\/www.bodeca.es\/irium\/\"> Irium Gold<\/a>, un <a href=\"https:\/\/es.wikipedia.org\/wiki\/Vino_espumoso\">vino<\/a> con un toque carb\u00f3nico y un original detalle que lo hace \u00fanico, fruta micronizada, que hace que el licor brille como si fuera met\u00e1lico el l\u00edquido que contiene. Es una experiencia sensorial sorprendente. Al agitarlo una nube de reflejos metalizados dorados hace vibrar el contenido l\u00edquido de la botella.<\/p>\n","protected":false},"excerpt":{"rendered":"<p>Descubre la magia.<\/p>\n<p>Vino Irium Gold es un vino inigualable y \u00fanico en su composici\u00f3n. Posee un toque de carb\u00f3nico, frutado y un aspecto visual muy llamativo.<\/p>\n<p><strong>Envase: 750 ml<\/strong><br \/>\n<strong>Graduaci\u00f3n: 9\u00ba<\/strong><\/p>\n","protected":false},"featured_media":28129,"comment_status":"open","ping_status":"closed","template":"","meta":[],"product_brand":[170],"product_cat":[169],"product_tag":[],"class_list":{"0":"post-28131","1":"product","2":"type-product","3":"status-publish","4":"has-post-thumbnail","6":"product_brand-irium","7":"product_cat-vinos","10":"first","11":"instock","12":"taxable","13":"shipping-taxable","14":"purchasable","15":"product-type-simple"},"_links":{"self":[{"href":"https:\/\/www.bodeca.es\/en\/wp-json\/wp\/v2\/product\/28131","targetHints":{"allow":["GET"]}}],"collection":[{"href":"https:\/\/www.bodeca.es\/en\/wp-json\/wp\/v2\/product"}],"about":[{"href":"https:\/\/www.bodeca.es\/en\/wp-json\/wp\/v2\/types\/product"}],"replies":[{"embeddable":true,"href":"https:\/\/www.bodeca.es\/en\/wp-json\/wp\/v2\/comments?post=28131"}],"wp:featuredmedia":[{"embeddable":true,"href":"https:\/\/www.bodeca.es\/en\/wp-json\/wp\/v2\/media\/28129"}],"wp:attachment":[{"href":"https:\/\/www.bodeca.es\/en\/wp-json\/wp\/v2\/media?parent=28131"}],"wp:term":[{"taxonomy":"product_brand","embeddable":true,"href":"https:\/\/www.bodeca.es\/en\/wp-json\/wp\/v2\/product_brand?post=28131"},{"taxonomy":"product_cat","embeddable":true,"href":"https:\/\/www.bodeca.es\/en\/wp-json\/wp\/v2\/product_cat?post=28131"},{"taxonomy":"product_tag","embeddable":true,"href":"https:\/\/www.bodeca.es\/en\/wp-json\/wp\/v2\/product_tag?post=28131"}],"curies":[{"name":"wp","href":"https:\/\/api.w.org\/{rel}","templated":true}]}}