{"id":27535,"date":"2022-11-22T21:19:12","date_gmt":"2022-11-22T20:19:12","guid":{"rendered":"https:\/\/www.bodeca.es\/?post_type=product&#038;p=27535"},"modified":"2023-05-08T12:05:58","modified_gmt":"2023-05-08T10:05:58","slug":"estuche-4-miniaturas-de-ginebra","status":"publish","type":"product","link":"https:\/\/www.bodeca.es\/en\/producto\/estuche-4-miniaturas-de-ginebra\/","title":{"rendered":"Estuche Miniatura Ginebras Premium -Estuche 4 Miniaturas de Ginebra"},"content":{"rendered":"<p>El Estuche 4 Miniaturas de <a href=\"https:\/\/es.wikipedia.org\/wiki\/Ginebra\">Ginebra<\/a> de Martes Santos es el paquete perfecto para los amantes de la ginebra. Este paquete contiene cuatro botellas de 100 ml cada una, cada una con un sabor y destilado diferente para que pueda disfrutar de la variedad que ofrece Martes Santos.<\/p>\n<p>La ginebra es una bebida espirituosa que ha sido muy popular durante siglos. Es conocido por su sabor distintivo y su capacidad para mezclar bien con otros ingredientes. La ginebra se elabora mediante la destilaci\u00f3n de cereales, principalmente el trigo, y luego se infunde con bayas de enebro y otros bot\u00e1nicos para darle su sabor \u00fanico.<\/p>\n<p>El Estuche 4 Miniaturas de <a href=\"https:\/\/www.bodeca.es\/producto\/ginebra-ecologica-london-dry-premium\/\">Ginebra<\/a> de Martes Santos incluye cuatro sabores excelentes dentro de su variada gama de sabores y destilados. Cada botella es una muestra perfecta de lo que Martes Santos tiene para ofrecer a los amantes de la ginebra.<\/p>\n","protected":false},"excerpt":{"rendered":"<p>Surtido especial que recoge la gama de las cuatro Ginebras Martes Santo.Un regalo especial con botellas de 10 cl cada una.<\/p>\n<p><strong>Envases:<\/strong>\u00a04 x 10 cl.<br \/>\n<strong>Graduaci\u00f3n:<\/strong>\u00a040\u00ba<\/p>\n","protected":false},"featured_media":27554,"comment_status":"open","ping_status":"closed","template":"","meta":[],"product_brand":[],"product_cat":[145],"product_tag":[],"class_list":{"0":"post-27535","1":"product","2":"type-product","3":"status-publish","4":"has-post-thumbnail","6":"product_cat-bebidas-premium","9":"first","10":"instock","11":"taxable","12":"shipping-taxable","13":"purchasable","14":"product-type-simple"},"_links":{"self":[{"href":"https:\/\/www.bodeca.es\/en\/wp-json\/wp\/v2\/product\/27535","targetHints":{"allow":["GET"]}}],"collection":[{"href":"https:\/\/www.bodeca.es\/en\/wp-json\/wp\/v2\/product"}],"about":[{"href":"https:\/\/www.bodeca.es\/en\/wp-json\/wp\/v2\/types\/product"}],"replies":[{"embeddable":true,"href":"https:\/\/www.bodeca.es\/en\/wp-json\/wp\/v2\/comments?post=27535"}],"wp:featuredmedia":[{"embeddable":true,"href":"https:\/\/www.bodeca.es\/en\/wp-json\/wp\/v2\/media\/27554"}],"wp:attachment":[{"href":"https:\/\/www.bodeca.es\/en\/wp-json\/wp\/v2\/media?parent=27535"}],"wp:term":[{"taxonomy":"product_brand","embeddable":true,"href":"https:\/\/www.bodeca.es\/en\/wp-json\/wp\/v2\/product_brand?post=27535"},{"taxonomy":"product_cat","embeddable":true,"href":"https:\/\/www.bodeca.es\/en\/wp-json\/wp\/v2\/product_cat?post=27535"},{"taxonomy":"product_tag","embeddable":true,"href":"https:\/\/www.bodeca.es\/en\/wp-json\/wp\/v2\/product_tag?post=27535"}],"curies":[{"name":"wp","href":"https:\/\/api.w.org\/{rel}","templated":true}]}}