{"id":27523,"date":"2022-11-22T21:18:52","date_gmt":"2022-11-22T20:18:52","guid":{"rendered":"https:\/\/www.bodeca.es\/?post_type=product&#038;p=27523"},"modified":"2023-01-25T20:48:57","modified_gmt":"2023-01-25T19:48:57","slug":"px-premium-gin","status":"publish","type":"product","link":"https:\/\/www.bodeca.es\/en\/producto\/px-premium-gin\/","title":{"rendered":"PX Premium Gin"},"content":{"rendered":"<p>PX Premium Gin, es una fant\u00e1stica Ginebra macerada con uvas Pedro Xim\u00e9nez, es una variedad de uva blanca que crece en varias regiones vitivin\u00edcolas espa\u00f1olas, Es la principal uva de la Denominaci\u00f3n de Origen Montilla-Moriles.<\/p>\n","protected":false},"excerpt":{"rendered":"<p>Prueba PX Premium Gin, tu Ginebra macerada con uvas P.X. y 14 Bot\u00e1nicos Premium.<\/p>\n<p><strong>Envase:<\/strong>\u00a070 cl.<br \/>\n<strong>Graduaci\u00f3n:<\/strong> 38\u00ba Alc<\/p>\n","protected":false},"featured_media":27553,"comment_status":"open","ping_status":"closed","template":"","meta":[],"product_brand":[],"product_cat":[145],"product_tag":[],"class_list":{"0":"post-27523","1":"product","2":"type-product","3":"status-publish","4":"has-post-thumbnail","6":"product_cat-bebidas-premium","9":"first","10":"instock","11":"taxable","12":"shipping-taxable","13":"purchasable","14":"product-type-simple"},"_links":{"self":[{"href":"https:\/\/www.bodeca.es\/en\/wp-json\/wp\/v2\/product\/27523","targetHints":{"allow":["GET"]}}],"collection":[{"href":"https:\/\/www.bodeca.es\/en\/wp-json\/wp\/v2\/product"}],"about":[{"href":"https:\/\/www.bodeca.es\/en\/wp-json\/wp\/v2\/types\/product"}],"replies":[{"embeddable":true,"href":"https:\/\/www.bodeca.es\/en\/wp-json\/wp\/v2\/comments?post=27523"}],"wp:featuredmedia":[{"embeddable":true,"href":"https:\/\/www.bodeca.es\/en\/wp-json\/wp\/v2\/media\/27553"}],"wp:attachment":[{"href":"https:\/\/www.bodeca.es\/en\/wp-json\/wp\/v2\/media?parent=27523"}],"wp:term":[{"taxonomy":"product_brand","embeddable":true,"href":"https:\/\/www.bodeca.es\/en\/wp-json\/wp\/v2\/product_brand?post=27523"},{"taxonomy":"product_cat","embeddable":true,"href":"https:\/\/www.bodeca.es\/en\/wp-json\/wp\/v2\/product_cat?post=27523"},{"taxonomy":"product_tag","embeddable":true,"href":"https:\/\/www.bodeca.es\/en\/wp-json\/wp\/v2\/product_tag?post=27523"}],"curies":[{"name":"wp","href":"https:\/\/api.w.org\/{rel}","templated":true}]}}