{"id":27522,"date":"2022-11-22T21:18:52","date_gmt":"2022-11-22T20:18:52","guid":{"rendered":"https:\/\/www.bodeca.es\/?post_type=product&#038;p=27522"},"modified":"2024-04-18T21:27:37","modified_gmt":"2024-04-18T19:27:37","slug":"ginebra-blue-velvet-violet-gin","status":"publish","type":"product","link":"https:\/\/www.bodeca.es\/en\/producto\/ginebra-blue-velvet-violet-gin\/","title":{"rendered":"Ginebra Blue Velvet (Violet Gin)"},"content":{"rendered":"<p><a href=\"https:\/\/www.bodeca.es\/categoria\/bebidas-premium\/\">Ginebra<\/a> Blue Velvet (Violet Gin) es una creaci\u00f3n atrevida con acentos empolvados, construida en torno al d\u00fao floral de violeta y flor de cerezo, combinado con lim\u00f3n. Hace gala de una sobredosis de violeta, en las ant\u00edpodas del murmullo t\u00edmido habitual de las medias tintas y los contraluces. Junto a esa violeta deslumbrante, el matiz femenino de un lirio de elegancia atemporal. Adem\u00e1s la flor de cerezo le aporta un toque contempor\u00e1neo.<\/p>\n<p>Su ic\u00f3nico color viene de la flor de la Clitoria Ternatea (Guisante Mariposa), utilizada como afrodisaco en la cultura popular china, que tambi\u00e9n le aporta un sabor m\u00e1s terroso. Debido a su alto contenido en antocianina cuando cambia su ph (a\u00f1adiendo lim\u00f3n o t\u00f3nica) su color cambia de un intenso azul a violeta.<\/p>\n","protected":false},"excerpt":{"rendered":"<p><strong>Notas de salida:<\/strong>\u00a0Lim\u00f3n.<\/p>\n<p><strong>Notas de coraz\u00f3n:<\/strong>\u00a0Lirio, Flor de cerezo y Violeta.<\/p>\n<p><strong>Notas de fondo:<\/strong>\u00a0Enebro, Cardamomo y Ang\u00e9lica.<\/p>\n<p><strong>Envase:<\/strong> 700 ml<br \/>\n<strong>Graduaci\u00f3n:<\/strong> 40\u00ba \/Vol.<\/p>\n","protected":false},"featured_media":27552,"comment_status":"open","ping_status":"closed","template":"","meta":[],"product_brand":[],"product_cat":[145],"product_tag":[],"class_list":{"0":"post-27522","1":"product","2":"type-product","3":"status-publish","4":"has-post-thumbnail","6":"product_cat-bebidas-premium","9":"first","10":"instock","11":"featured","12":"taxable","13":"shipping-taxable","14":"purchasable","15":"product-type-simple"},"_links":{"self":[{"href":"https:\/\/www.bodeca.es\/en\/wp-json\/wp\/v2\/product\/27522","targetHints":{"allow":["GET"]}}],"collection":[{"href":"https:\/\/www.bodeca.es\/en\/wp-json\/wp\/v2\/product"}],"about":[{"href":"https:\/\/www.bodeca.es\/en\/wp-json\/wp\/v2\/types\/product"}],"replies":[{"embeddable":true,"href":"https:\/\/www.bodeca.es\/en\/wp-json\/wp\/v2\/comments?post=27522"}],"wp:featuredmedia":[{"embeddable":true,"href":"https:\/\/www.bodeca.es\/en\/wp-json\/wp\/v2\/media\/27552"}],"wp:attachment":[{"href":"https:\/\/www.bodeca.es\/en\/wp-json\/wp\/v2\/media?parent=27522"}],"wp:term":[{"taxonomy":"product_brand","embeddable":true,"href":"https:\/\/www.bodeca.es\/en\/wp-json\/wp\/v2\/product_brand?post=27522"},{"taxonomy":"product_cat","embeddable":true,"href":"https:\/\/www.bodeca.es\/en\/wp-json\/wp\/v2\/product_cat?post=27522"},{"taxonomy":"product_tag","embeddable":true,"href":"https:\/\/www.bodeca.es\/en\/wp-json\/wp\/v2\/product_tag?post=27522"}],"curies":[{"name":"wp","href":"https:\/\/api.w.org\/{rel}","templated":true}]}}