{"id":27519,"date":"2022-11-22T21:18:51","date_gmt":"2022-11-22T20:18:51","guid":{"rendered":"https:\/\/www.bodeca.es\/?post_type=product&#038;p=27519"},"modified":"2024-10-15T16:44:23","modified_gmt":"2024-10-15T14:44:23","slug":"ginebra-premium-ginevia-ginebra-con-stevia","status":"publish","type":"product","link":"https:\/\/www.bodeca.es\/en\/producto\/ginebra-premium-ginevia-ginebra-con-stevia\/","title":{"rendered":"Ginebra Premium Ginevia- ginebra con stevia"},"content":{"rendered":"<p>Ginebra con stevia es la primera Ginebra Premium en el mundo macerada con hojas de stevia naturales. Para momentos especiales, en los que disfrutar sea algo prioritario, ten siempre a mano Ginevia, con ella podr\u00e1s disfrutar de tu momento, con un buen sabor de boca, adem\u00e1s, sorprender\u00e1s a tus visitas con una copa \u00fanica.<\/p>\n","protected":false},"excerpt":{"rendered":"<p>La primera Ginebra Premium en el mundo macerada con hojas de stevia naturales.<\/p>\n<p><strong>Envase:<\/strong>\u00a070 cl.<br \/>\n<strong>Graduaci\u00f3n:<\/strong> 37,5\u00ba.<\/p>\n","protected":false},"featured_media":27549,"comment_status":"open","ping_status":"closed","template":"","meta":[],"product_brand":[],"product_cat":[145],"product_tag":[],"class_list":{"0":"post-27519","1":"product","2":"type-product","3":"status-publish","4":"has-post-thumbnail","6":"product_cat-bebidas-premium","9":"first","10":"instock","11":"taxable","12":"shipping-taxable","13":"purchasable","14":"product-type-simple"},"_links":{"self":[{"href":"https:\/\/www.bodeca.es\/en\/wp-json\/wp\/v2\/product\/27519","targetHints":{"allow":["GET"]}}],"collection":[{"href":"https:\/\/www.bodeca.es\/en\/wp-json\/wp\/v2\/product"}],"about":[{"href":"https:\/\/www.bodeca.es\/en\/wp-json\/wp\/v2\/types\/product"}],"replies":[{"embeddable":true,"href":"https:\/\/www.bodeca.es\/en\/wp-json\/wp\/v2\/comments?post=27519"}],"wp:featuredmedia":[{"embeddable":true,"href":"https:\/\/www.bodeca.es\/en\/wp-json\/wp\/v2\/media\/27549"}],"wp:attachment":[{"href":"https:\/\/www.bodeca.es\/en\/wp-json\/wp\/v2\/media?parent=27519"}],"wp:term":[{"taxonomy":"product_brand","embeddable":true,"href":"https:\/\/www.bodeca.es\/en\/wp-json\/wp\/v2\/product_brand?post=27519"},{"taxonomy":"product_cat","embeddable":true,"href":"https:\/\/www.bodeca.es\/en\/wp-json\/wp\/v2\/product_cat?post=27519"},{"taxonomy":"product_tag","embeddable":true,"href":"https:\/\/www.bodeca.es\/en\/wp-json\/wp\/v2\/product_tag?post=27519"}],"curies":[{"name":"wp","href":"https:\/\/api.w.org\/{rel}","templated":true}]}}