{"id":27516,"date":"2022-11-22T21:18:50","date_gmt":"2022-11-22T20:18:50","guid":{"rendered":"https:\/\/www.bodeca.es\/?post_type=product&#038;p=27516"},"modified":"2024-10-15T16:44:23","modified_gmt":"2024-10-15T14:44:23","slug":"ginebra-bidestilada-frutos-rojos","status":"publish","type":"product","link":"https:\/\/www.bodeca.es\/en\/producto\/ginebra-bidestilada-frutos-rojos\/","title":{"rendered":"Ginebra Bidestilada Frutos Rojos"},"content":{"rendered":"<p>La Ginebra Bidestilada Frutos Rojos Premium de Martes Santo es una deliciosa bebida alcoh\u00f3lica de excelente calidad, que destaca por su proceso de bidestilaci\u00f3n lenta. Hecha a partir de una suave maceraci\u00f3n de frutos como la frambuesa, la mora, fresa y grosella negra que en combinaci\u00f3n con el enebro forman una suave y arom\u00e1tica ginebra.<\/p>\n","protected":false},"excerpt":{"rendered":"<p>Ginebra suave y arom\u00e1tica que surge de una segunda maceraci\u00f3n de fresas, frambuesas, grosella negra y moras en nuestra Ginebra Bidestilada.<\/p>\n<p><strong>Envase:<\/strong>\u00a070 cl.<br \/>\n<strong>Graduaci\u00f3n:<\/strong>\u00a040\u00ba.<\/p>\n","protected":false},"featured_media":27546,"comment_status":"open","ping_status":"closed","template":"","meta":[],"product_brand":[],"product_cat":[145],"product_tag":[],"class_list":{"0":"post-27516","1":"product","2":"type-product","3":"status-publish","4":"has-post-thumbnail","6":"product_cat-bebidas-premium","9":"first","10":"instock","11":"featured","12":"taxable","13":"shipping-taxable","14":"purchasable","15":"product-type-simple"},"_links":{"self":[{"href":"https:\/\/www.bodeca.es\/en\/wp-json\/wp\/v2\/product\/27516","targetHints":{"allow":["GET"]}}],"collection":[{"href":"https:\/\/www.bodeca.es\/en\/wp-json\/wp\/v2\/product"}],"about":[{"href":"https:\/\/www.bodeca.es\/en\/wp-json\/wp\/v2\/types\/product"}],"replies":[{"embeddable":true,"href":"https:\/\/www.bodeca.es\/en\/wp-json\/wp\/v2\/comments?post=27516"}],"wp:featuredmedia":[{"embeddable":true,"href":"https:\/\/www.bodeca.es\/en\/wp-json\/wp\/v2\/media\/27546"}],"wp:attachment":[{"href":"https:\/\/www.bodeca.es\/en\/wp-json\/wp\/v2\/media?parent=27516"}],"wp:term":[{"taxonomy":"product_brand","embeddable":true,"href":"https:\/\/www.bodeca.es\/en\/wp-json\/wp\/v2\/product_brand?post=27516"},{"taxonomy":"product_cat","embeddable":true,"href":"https:\/\/www.bodeca.es\/en\/wp-json\/wp\/v2\/product_cat?post=27516"},{"taxonomy":"product_tag","embeddable":true,"href":"https:\/\/www.bodeca.es\/en\/wp-json\/wp\/v2\/product_tag?post=27516"}],"curies":[{"name":"wp","href":"https:\/\/api.w.org\/{rel}","templated":true}]}}