{"id":27493,"date":"2022-11-22T21:18:26","date_gmt":"2022-11-22T20:18:26","guid":{"rendered":"https:\/\/www.bodeca.es\/?post_type=product&#038;p=27493"},"modified":"2026-04-08T15:34:15","modified_gmt":"2026-04-08T13:34:15","slug":"crema-de-coco-con-agave","status":"publish","type":"product","link":"https:\/\/www.bodeca.es\/en\/producto\/crema-de-coco-con-agave\/","title":{"rendered":"Crema de Coco con Agave"},"content":{"rendered":"<p><strong><a href=\"https:\/\/www.bodeca.es\/categoria\/cremas\/\">Crema<\/a> de Coco con <a href=\"https:\/\/ro.wikipedia.org\/wiki\/Agave\">Agave<\/a><\/strong>&#8211; Una explosi\u00f3n de sabor dulce combinado con el sabor del agave que le proporciona notas c\u00edtricas, herb\u00e1ceas, florales y frutales a esta exquisita bebida con un toque suculento y fragante que, definitivamente, ser\u00e1 el preferido de todos los amantes del licor en crema.<\/p>\n","protected":false},"excerpt":{"rendered":"<p>Una crema incre\u00edble , una textura sedosa y suave y un sabor muy intenso que har\u00e1n las delicias de tus invitados.<\/p>\n<p><strong>Envase:<\/strong>\u00a070 cl.<br \/>\n<strong>Graduaci\u00f3n:<\/strong>\u00a017\u00ba<\/p>\n","protected":false},"featured_media":27534,"comment_status":"open","ping_status":"closed","template":"","meta":[],"product_brand":[],"product_cat":[150],"product_tag":[],"class_list":{"0":"post-27493","1":"product","2":"type-product","3":"status-publish","4":"has-post-thumbnail","6":"product_cat-cremas","9":"first","10":"outofstock","11":"featured","12":"taxable","13":"shipping-taxable","14":"purchasable","15":"product-type-simple"},"_links":{"self":[{"href":"https:\/\/www.bodeca.es\/en\/wp-json\/wp\/v2\/product\/27493","targetHints":{"allow":["GET"]}}],"collection":[{"href":"https:\/\/www.bodeca.es\/en\/wp-json\/wp\/v2\/product"}],"about":[{"href":"https:\/\/www.bodeca.es\/en\/wp-json\/wp\/v2\/types\/product"}],"replies":[{"embeddable":true,"href":"https:\/\/www.bodeca.es\/en\/wp-json\/wp\/v2\/comments?post=27493"}],"wp:featuredmedia":[{"embeddable":true,"href":"https:\/\/www.bodeca.es\/en\/wp-json\/wp\/v2\/media\/27534"}],"wp:attachment":[{"href":"https:\/\/www.bodeca.es\/en\/wp-json\/wp\/v2\/media?parent=27493"}],"wp:term":[{"taxonomy":"product_brand","embeddable":true,"href":"https:\/\/www.bodeca.es\/en\/wp-json\/wp\/v2\/product_brand?post=27493"},{"taxonomy":"product_cat","embeddable":true,"href":"https:\/\/www.bodeca.es\/en\/wp-json\/wp\/v2\/product_cat?post=27493"},{"taxonomy":"product_tag","embeddable":true,"href":"https:\/\/www.bodeca.es\/en\/wp-json\/wp\/v2\/product_tag?post=27493"}],"curies":[{"name":"wp","href":"https:\/\/api.w.org\/{rel}","templated":true}]}}