{"id":27480,"date":"2022-11-22T21:18:02","date_gmt":"2022-11-22T20:18:02","guid":{"rendered":"https:\/\/www.bodeca.es\/?post_type=product&#038;p=27480"},"modified":"2023-11-16T19:03:30","modified_gmt":"2023-11-16T18:03:30","slug":"crema-de-fresa-martes-santo","status":"publish","type":"product","link":"https:\/\/www.bodeca.es\/en\/producto\/crema-de-fresa-martes-santo\/","title":{"rendered":"Crema de Fresa Martes Santo"},"content":{"rendered":"<p><a href=\"https:\/\/www.bodeca.es\/categoria\/cremas\/\">Crema<\/a> de Fresa de Martes Santo, es un delicioso licor que sin duda no pasar\u00e1 desapercibido. Elaborado con una rigurosa y cuidadosa selecci\u00f3n de las mejores y m\u00e1s frescas fresas de Huelva; la Crema de <a href=\"https:\/\/en.wikipedia.org\/wiki\/Fresa\">Fresa<\/a> de Martes Santo es un licor delicioso y cremoso, que posee un dulce sabor a fresa, ideal para acompa\u00f1ar tus momentos de esparcimiento y relajaci\u00f3n.<\/p>\n","protected":false},"excerpt":{"rendered":"<p>Con una selecci\u00f3n de las mejores fresas de Huelva, elaboramos esta licor-crema que nos recuerda al rico postre de fresas con nata.<\/p>\n<p><strong>Envase:<\/strong>\u00a070 cl.<br \/>\n<strong>Graduaci\u00f3n:<\/strong>\u00a017\u00ba<\/p>\n","protected":false},"featured_media":27531,"comment_status":"open","ping_status":"closed","template":"","meta":[],"product_brand":[],"product_cat":[150],"product_tag":[],"class_list":{"0":"post-27480","1":"product","2":"type-product","3":"status-publish","4":"has-post-thumbnail","6":"product_cat-cremas","9":"first","10":"instock","11":"taxable","12":"shipping-taxable","13":"purchasable","14":"product-type-simple"},"_links":{"self":[{"href":"https:\/\/www.bodeca.es\/en\/wp-json\/wp\/v2\/product\/27480","targetHints":{"allow":["GET"]}}],"collection":[{"href":"https:\/\/www.bodeca.es\/en\/wp-json\/wp\/v2\/product"}],"about":[{"href":"https:\/\/www.bodeca.es\/en\/wp-json\/wp\/v2\/types\/product"}],"replies":[{"embeddable":true,"href":"https:\/\/www.bodeca.es\/en\/wp-json\/wp\/v2\/comments?post=27480"}],"wp:featuredmedia":[{"embeddable":true,"href":"https:\/\/www.bodeca.es\/en\/wp-json\/wp\/v2\/media\/27531"}],"wp:attachment":[{"href":"https:\/\/www.bodeca.es\/en\/wp-json\/wp\/v2\/media?parent=27480"}],"wp:term":[{"taxonomy":"product_brand","embeddable":true,"href":"https:\/\/www.bodeca.es\/en\/wp-json\/wp\/v2\/product_brand?post=27480"},{"taxonomy":"product_cat","embeddable":true,"href":"https:\/\/www.bodeca.es\/en\/wp-json\/wp\/v2\/product_cat?post=27480"},{"taxonomy":"product_tag","embeddable":true,"href":"https:\/\/www.bodeca.es\/en\/wp-json\/wp\/v2\/product_tag?post=27480"}],"curies":[{"name":"wp","href":"https:\/\/api.w.org\/{rel}","templated":true}]}}