{"id":27479,"date":"2022-11-22T21:18:02","date_gmt":"2022-11-22T20:18:02","guid":{"rendered":"https:\/\/www.bodeca.es\/?post_type=product&#038;p=27479"},"modified":"2023-11-16T19:08:00","modified_gmt":"2023-11-16T18:08:00","slug":"crema-de-limoncello-martes-santo","status":"publish","type":"product","link":"https:\/\/www.bodeca.es\/en\/producto\/crema-de-limoncello-martes-santo\/","title":{"rendered":"Crema de Limoncello Martes Santo"},"content":{"rendered":"<p>La <a href=\"https:\/\/www.bodeca.es\/categoria\/cremas\/\">Crema<\/a> de Limoncello de Martes Santo es una exquisita crema a base de licor de <a href=\"https:\/\/es.wikipedia.org\/wiki\/Lim%C3%B3n\">lim\u00f3n<\/a>, es suave y muy arom\u00e1tica, para los que buscan disfrutar de momentos m\u00e1s especiales, tiene un sabor muy fresco y una textura suave que encantar\u00e1 al paladar. Ideal para disfrutar en una reuni\u00f3n o fiesta con amigos y familiares.<\/p>\n","protected":false},"excerpt":{"rendered":"<p>Con la base de limoncello, fresco y cremoso sabor a lim\u00f3n.<\/p>\n<p><strong>Envase:<\/strong>\u00a070 cl.<br \/>\n<strong>Graduaci\u00f3n:<\/strong>\u00a017\u00ba<\/p>\n","protected":false},"featured_media":27530,"comment_status":"open","ping_status":"closed","template":"","meta":[],"product_brand":[],"product_cat":[150],"product_tag":[],"class_list":{"0":"post-27479","1":"product","2":"type-product","3":"status-publish","4":"has-post-thumbnail","6":"product_cat-cremas","9":"first","10":"instock","11":"taxable","12":"shipping-taxable","13":"purchasable","14":"product-type-simple"},"_links":{"self":[{"href":"https:\/\/www.bodeca.es\/en\/wp-json\/wp\/v2\/product\/27479","targetHints":{"allow":["GET"]}}],"collection":[{"href":"https:\/\/www.bodeca.es\/en\/wp-json\/wp\/v2\/product"}],"about":[{"href":"https:\/\/www.bodeca.es\/en\/wp-json\/wp\/v2\/types\/product"}],"replies":[{"embeddable":true,"href":"https:\/\/www.bodeca.es\/en\/wp-json\/wp\/v2\/comments?post=27479"}],"wp:featuredmedia":[{"embeddable":true,"href":"https:\/\/www.bodeca.es\/en\/wp-json\/wp\/v2\/media\/27530"}],"wp:attachment":[{"href":"https:\/\/www.bodeca.es\/en\/wp-json\/wp\/v2\/media?parent=27479"}],"wp:term":[{"taxonomy":"product_brand","embeddable":true,"href":"https:\/\/www.bodeca.es\/en\/wp-json\/wp\/v2\/product_brand?post=27479"},{"taxonomy":"product_cat","embeddable":true,"href":"https:\/\/www.bodeca.es\/en\/wp-json\/wp\/v2\/product_cat?post=27479"},{"taxonomy":"product_tag","embeddable":true,"href":"https:\/\/www.bodeca.es\/en\/wp-json\/wp\/v2\/product_tag?post=27479"}],"curies":[{"name":"wp","href":"https:\/\/api.w.org\/{rel}","templated":true}]}}