{"id":27477,"date":"2022-11-22T21:18:01","date_gmt":"2022-11-22T20:18:01","guid":{"rendered":"https:\/\/www.bodeca.es\/?post_type=product&#038;p=27477"},"modified":"2023-11-16T19:36:39","modified_gmt":"2023-11-16T18:36:39","slug":"crema-de-naranja","status":"publish","type":"product","link":"https:\/\/www.bodeca.es\/en\/producto\/crema-de-naranja\/","title":{"rendered":"Crema de Naranja"},"content":{"rendered":"<p><a href=\"https:\/\/www.bodeca.es\/categoria\/cremas\/\">Crema<\/a> de <a href=\"https:\/\/es.wikipedia.org\/wiki\/Naranja_(fruta)\">Naranja<\/a> de Martes Santo es una deliciosa bebida espirituosa para adultos, est\u00e1 elaborada a base de licor de naranja y crema; tiene un sabor muy fresco y una textura suave que encantar\u00e1 al paladar de cualquier persona; este producto es ideal para disfrutar en una reuni\u00f3n o fiesta con amigos, familiares, entre otros.<\/p>\n","protected":false},"excerpt":{"rendered":"<p>Suave y fina crema que fusiona el aroma de la naranja y la suavidad de la crema.<\/p>\n<p><strong>Envase:<\/strong>\u00a070 cl.<br \/>\n<strong>Graduaci\u00f3n:<\/strong>\u00a017\u00ba<\/p>\n","protected":false},"featured_media":27528,"comment_status":"open","ping_status":"closed","template":"","meta":[],"product_brand":[],"product_cat":[150],"product_tag":[],"class_list":{"0":"post-27477","1":"product","2":"type-product","3":"status-publish","4":"has-post-thumbnail","6":"product_cat-cremas","9":"first","10":"instock","11":"taxable","12":"shipping-taxable","13":"purchasable","14":"product-type-simple"},"_links":{"self":[{"href":"https:\/\/www.bodeca.es\/en\/wp-json\/wp\/v2\/product\/27477","targetHints":{"allow":["GET"]}}],"collection":[{"href":"https:\/\/www.bodeca.es\/en\/wp-json\/wp\/v2\/product"}],"about":[{"href":"https:\/\/www.bodeca.es\/en\/wp-json\/wp\/v2\/types\/product"}],"replies":[{"embeddable":true,"href":"https:\/\/www.bodeca.es\/en\/wp-json\/wp\/v2\/comments?post=27477"}],"wp:featuredmedia":[{"embeddable":true,"href":"https:\/\/www.bodeca.es\/en\/wp-json\/wp\/v2\/media\/27528"}],"wp:attachment":[{"href":"https:\/\/www.bodeca.es\/en\/wp-json\/wp\/v2\/media?parent=27477"}],"wp:term":[{"taxonomy":"product_brand","embeddable":true,"href":"https:\/\/www.bodeca.es\/en\/wp-json\/wp\/v2\/product_brand?post=27477"},{"taxonomy":"product_cat","embeddable":true,"href":"https:\/\/www.bodeca.es\/en\/wp-json\/wp\/v2\/product_cat?post=27477"},{"taxonomy":"product_tag","embeddable":true,"href":"https:\/\/www.bodeca.es\/en\/wp-json\/wp\/v2\/product_tag?post=27477"}],"curies":[{"name":"wp","href":"https:\/\/api.w.org\/{rel}","templated":true}]}}