{"id":27476,"date":"2022-11-22T21:18:01","date_gmt":"2022-11-22T20:18:01","guid":{"rendered":"https:\/\/www.bodeca.es\/?post_type=product&#038;p=27476"},"modified":"2024-11-14T18:23:43","modified_gmt":"2024-11-14T17:23:43","slug":"crema-de-castana","status":"publish","type":"product","link":"https:\/\/www.bodeca.es\/en\/producto\/crema-de-castana\/","title":{"rendered":"Crema de Casta\u00f1a"},"content":{"rendered":"<p><a href=\"https:\/\/www.bodeca.es\/categoria\/cremas\/\">Crema<\/a> de Casta\u00f1a de Martes Santos es una delicia que no te puedes perder. Es un <a href=\"https:\/\/es.wikipedia.org\/wiki\/Licor\">licor<\/a> elaborado con una crema de suaves matices, pero con un sabor intenso e imperdible. Transmite todo el encanto y las caracter\u00edsticas propias de los productos de nuestra sierra.<\/p>\n","protected":false},"excerpt":{"rendered":"<p>Deliciosa crema con base de Licor de Casta\u00f1a, con matices suaves e intenso sabor a casta\u00f1a. (\u00danica)<\/p>\n<p><strong>Envase:<\/strong>\u00a070 cl.<br \/>\n<strong>Graduaci\u00f3n:<\/strong>\u00a017\u00ba<\/p>\n","protected":false},"featured_media":27527,"comment_status":"open","ping_status":"closed","template":"","meta":[],"product_brand":[],"product_cat":[150],"product_tag":[],"class_list":{"0":"post-27476","1":"product","2":"type-product","3":"status-publish","4":"has-post-thumbnail","6":"product_cat-cremas","9":"first","10":"instock","11":"taxable","12":"shipping-taxable","13":"purchasable","14":"product-type-simple"},"_links":{"self":[{"href":"https:\/\/www.bodeca.es\/en\/wp-json\/wp\/v2\/product\/27476","targetHints":{"allow":["GET"]}}],"collection":[{"href":"https:\/\/www.bodeca.es\/en\/wp-json\/wp\/v2\/product"}],"about":[{"href":"https:\/\/www.bodeca.es\/en\/wp-json\/wp\/v2\/types\/product"}],"replies":[{"embeddable":true,"href":"https:\/\/www.bodeca.es\/en\/wp-json\/wp\/v2\/comments?post=27476"}],"wp:featuredmedia":[{"embeddable":true,"href":"https:\/\/www.bodeca.es\/en\/wp-json\/wp\/v2\/media\/27527"}],"wp:attachment":[{"href":"https:\/\/www.bodeca.es\/en\/wp-json\/wp\/v2\/media?parent=27476"}],"wp:term":[{"taxonomy":"product_brand","embeddable":true,"href":"https:\/\/www.bodeca.es\/en\/wp-json\/wp\/v2\/product_brand?post=27476"},{"taxonomy":"product_cat","embeddable":true,"href":"https:\/\/www.bodeca.es\/en\/wp-json\/wp\/v2\/product_cat?post=27476"},{"taxonomy":"product_tag","embeddable":true,"href":"https:\/\/www.bodeca.es\/en\/wp-json\/wp\/v2\/product_tag?post=27476"}],"curies":[{"name":"wp","href":"https:\/\/api.w.org\/{rel}","templated":true}]}}