{"id":27475,"date":"2022-11-22T21:18:01","date_gmt":"2022-11-22T20:18:01","guid":{"rendered":"https:\/\/www.bodeca.es\/?post_type=product&#038;p=27475"},"modified":"2023-11-16T19:16:05","modified_gmt":"2023-11-16T18:16:05","slug":"crema-de-guinda","status":"publish","type":"product","link":"https:\/\/www.bodeca.es\/en\/producto\/crema-de-guinda\/","title":{"rendered":"Crema de Guinda"},"content":{"rendered":"<p><a href=\"https:\/\/www.bodeca.es\/categoria\/cremas\/\">Crema<\/a> de <a href=\"https:\/\/es.wikipedia.org\/wiki\/Guinda\">Guinda<\/a> de Martes Santo es una delicia que no puede faltar en tu cocina. Es el resultado del excedente de guindas de cultivo ecol\u00f3gico, con el cual se ha obtenido una crema dulce, afrutada y muy atractiva para los sentidos. Ten a tu disposici\u00f3n este producto de alta calidad, que le dar\u00e1 un toque irresistible a tus platos favoritos.<\/p>\n","protected":false},"excerpt":{"rendered":"<p>Surge del excedente de nuestro m\u00edtico licor de guindas. Crema afrutada con toques dulces.<\/p>\n<p><strong>Envase:<\/strong>\u00a070 cl.<br \/>\n<strong>Graduaci\u00f3n:<\/strong>\u00a020\u00ba<\/p>\n","protected":false},"featured_media":27526,"comment_status":"open","ping_status":"closed","template":"","meta":[],"product_brand":[],"product_cat":[150],"product_tag":[],"class_list":{"0":"post-27475","1":"product","2":"type-product","3":"status-publish","4":"has-post-thumbnail","6":"product_cat-cremas","9":"first","10":"instock","11":"taxable","12":"shipping-taxable","13":"purchasable","14":"product-type-simple"},"_links":{"self":[{"href":"https:\/\/www.bodeca.es\/en\/wp-json\/wp\/v2\/product\/27475","targetHints":{"allow":["GET"]}}],"collection":[{"href":"https:\/\/www.bodeca.es\/en\/wp-json\/wp\/v2\/product"}],"about":[{"href":"https:\/\/www.bodeca.es\/en\/wp-json\/wp\/v2\/types\/product"}],"replies":[{"embeddable":true,"href":"https:\/\/www.bodeca.es\/en\/wp-json\/wp\/v2\/comments?post=27475"}],"wp:featuredmedia":[{"embeddable":true,"href":"https:\/\/www.bodeca.es\/en\/wp-json\/wp\/v2\/media\/27526"}],"wp:attachment":[{"href":"https:\/\/www.bodeca.es\/en\/wp-json\/wp\/v2\/media?parent=27475"}],"wp:term":[{"taxonomy":"product_brand","embeddable":true,"href":"https:\/\/www.bodeca.es\/en\/wp-json\/wp\/v2\/product_brand?post=27475"},{"taxonomy":"product_cat","embeddable":true,"href":"https:\/\/www.bodeca.es\/en\/wp-json\/wp\/v2\/product_cat?post=27475"},{"taxonomy":"product_tag","embeddable":true,"href":"https:\/\/www.bodeca.es\/en\/wp-json\/wp\/v2\/product_tag?post=27475"}],"curies":[{"name":"wp","href":"https:\/\/api.w.org\/{rel}","templated":true}]}}