{"id":27466,"date":"2022-11-22T21:17:38","date_gmt":"2022-11-22T20:17:38","guid":{"rendered":"https:\/\/www.bodeca.es\/?post_type=product&#038;p=27466"},"modified":"2026-04-04T08:23:53","modified_gmt":"2026-04-04T06:23:53","slug":"leche-de-pantera","status":"publish","type":"product","link":"https:\/\/www.bodeca.es\/en\/producto\/leche-de-pantera\/","title":{"rendered":"Leche de Pantera"},"content":{"rendered":"<p>Leche de Pantera es una sutil y agradable <a href=\"https:\/\/www.bodeca.es\/categoria\/cremas\/\">crema<\/a> de licor de<a href=\"https:\/\/es.wikipedia.org\/wiki\/Leche_condensada\"> leche condensada<\/a> elaborada a partir de la destiler\u00eda artesanal de Martes Santo, originaria de la Legi\u00f3n Espa\u00f1ola y convertida en bebida tradicional del Tercio. Una de sus principales caracter\u00edsticas es que posee un sabor inigualable, de car\u00e1cter gourmet para llevar hasta nuestra comodidad un n\u00e9ctar exquisito.<\/p>\n","protected":false},"excerpt":{"rendered":"<p>C\u00f3ctel de leche condensada y ginebra bidestilada.<\/p>\n<p><strong>Envase:<\/strong>\u00a070 cl.<br \/>\n<strong>Graduaci\u00f3n:<\/strong>\u00a017\u00ba<\/p>\n","protected":false},"featured_media":27524,"comment_status":"open","ping_status":"closed","template":"","meta":[],"product_brand":[],"product_cat":[150],"product_tag":[],"class_list":{"0":"post-27466","1":"product","2":"type-product","3":"status-publish","4":"has-post-thumbnail","6":"product_cat-cremas","9":"first","10":"instock","11":"featured","12":"taxable","13":"shipping-taxable","14":"purchasable","15":"product-type-simple"},"_links":{"self":[{"href":"https:\/\/www.bodeca.es\/en\/wp-json\/wp\/v2\/product\/27466","targetHints":{"allow":["GET"]}}],"collection":[{"href":"https:\/\/www.bodeca.es\/en\/wp-json\/wp\/v2\/product"}],"about":[{"href":"https:\/\/www.bodeca.es\/en\/wp-json\/wp\/v2\/types\/product"}],"replies":[{"embeddable":true,"href":"https:\/\/www.bodeca.es\/en\/wp-json\/wp\/v2\/comments?post=27466"}],"wp:featuredmedia":[{"embeddable":true,"href":"https:\/\/www.bodeca.es\/en\/wp-json\/wp\/v2\/media\/27524"}],"wp:attachment":[{"href":"https:\/\/www.bodeca.es\/en\/wp-json\/wp\/v2\/media?parent=27466"}],"wp:term":[{"taxonomy":"product_brand","embeddable":true,"href":"https:\/\/www.bodeca.es\/en\/wp-json\/wp\/v2\/product_brand?post=27466"},{"taxonomy":"product_cat","embeddable":true,"href":"https:\/\/www.bodeca.es\/en\/wp-json\/wp\/v2\/product_cat?post=27466"},{"taxonomy":"product_tag","embeddable":true,"href":"https:\/\/www.bodeca.es\/en\/wp-json\/wp\/v2\/product_tag?post=27466"}],"curies":[{"name":"wp","href":"https:\/\/api.w.org\/{rel}","templated":true}]}}