{"id":27465,"date":"2022-11-22T21:17:38","date_gmt":"2022-11-22T20:17:38","guid":{"rendered":"https:\/\/www.bodeca.es\/?post_type=product&#038;p=27465"},"modified":"2024-06-25T14:45:42","modified_gmt":"2024-06-25T12:45:42","slug":"leche-de-pantera-rosa","status":"publish","type":"product","link":"https:\/\/www.bodeca.es\/en\/producto\/leche-de-pantera-rosa\/","title":{"rendered":"Leche de Pantera Rosa"},"content":{"rendered":"<p>La Leche de Pantera Rosa de Martes Santo es un sorprendente coctel de <a href=\"https:\/\/www.bodeca.es\/categoria\/cremas\/\">crema<\/a> de licor, suave elaborado a partir de la destiler\u00eda artesanal con leche condensada, <a href=\"https:\/\/es.wikipedia.org\/wiki\/Ginebra_(bebida)\">ginebra<\/a> y fresas. Adem\u00e1s, una de las principales caracter\u00edsticas de esta bebida es que posee una textura cremosa, sabor inigualable de car\u00e1cter gourmet.<\/p>\n","protected":false},"excerpt":{"rendered":"<p>Tradicional bebida legionaria, suave y sorprendente.<\/p>\n<p><strong>Envase:<\/strong>\u00a070 cl.<br \/>\n<strong>Graduaci\u00f3n:<\/strong>\u00a017\u00ba<\/p>\n","protected":false},"featured_media":27512,"comment_status":"open","ping_status":"closed","template":"","meta":[],"product_brand":[],"product_cat":[150],"product_tag":[],"class_list":{"0":"post-27465","1":"product","2":"type-product","3":"status-publish","4":"has-post-thumbnail","6":"product_cat-cremas","9":"first","10":"outofstock","11":"taxable","12":"shipping-taxable","13":"purchasable","14":"product-type-simple"},"_links":{"self":[{"href":"https:\/\/www.bodeca.es\/en\/wp-json\/wp\/v2\/product\/27465","targetHints":{"allow":["GET"]}}],"collection":[{"href":"https:\/\/www.bodeca.es\/en\/wp-json\/wp\/v2\/product"}],"about":[{"href":"https:\/\/www.bodeca.es\/en\/wp-json\/wp\/v2\/types\/product"}],"replies":[{"embeddable":true,"href":"https:\/\/www.bodeca.es\/en\/wp-json\/wp\/v2\/comments?post=27465"}],"wp:featuredmedia":[{"embeddable":true,"href":"https:\/\/www.bodeca.es\/en\/wp-json\/wp\/v2\/media\/27512"}],"wp:attachment":[{"href":"https:\/\/www.bodeca.es\/en\/wp-json\/wp\/v2\/media?parent=27465"}],"wp:term":[{"taxonomy":"product_brand","embeddable":true,"href":"https:\/\/www.bodeca.es\/en\/wp-json\/wp\/v2\/product_brand?post=27465"},{"taxonomy":"product_cat","embeddable":true,"href":"https:\/\/www.bodeca.es\/en\/wp-json\/wp\/v2\/product_cat?post=27465"},{"taxonomy":"product_tag","embeddable":true,"href":"https:\/\/www.bodeca.es\/en\/wp-json\/wp\/v2\/product_tag?post=27465"}],"curies":[{"name":"wp","href":"https:\/\/api.w.org\/{rel}","templated":true}]}}