{"id":27458,"date":"2022-11-22T21:17:35","date_gmt":"2022-11-22T20:17:35","guid":{"rendered":"https:\/\/www.bodeca.es\/?post_type=product&#038;p=27458"},"modified":"2023-01-25T20:48:13","modified_gmt":"2023-01-25T19:48:13","slug":"vodka-organico","status":"publish","type":"product","link":"https:\/\/www.bodeca.es\/en\/producto\/vodka-organico\/","title":{"rendered":"Vodka Org\u00e1nico"},"content":{"rendered":"<p>El Vodka Org\u00e1nico de Martes Santo est\u00e1 elaborado a partir de granos de alta calidad, fermentados con t\u00e9cnicas naturales y una lenta destilaci\u00f3n por medio de alambique de cobre alimentado con le\u00f1a. La f\u00f3rmula contiene agua pura de manantial. Ideal para la preparaci\u00f3n de una amplia variedad de c\u00f3cteles populares tales como el Martini y otros cocteles finos.<\/p>\n","protected":false},"excerpt":{"rendered":"<p>El mejor alcohol de grano procedente de cereales cultivados en ecologico, es detilado en alambigue de cobre dando lugar al primer vodka de grano ecologico certificado de Espa\u00f1a. Neutro muy fino y equilibrado.<\/p>\n<p><strong>Envase:<\/strong>\u00a070 cl.<br \/>\n<strong>Graduaci\u00f3n:<\/strong>\u00a040\u00ba<\/p>\n","protected":false},"featured_media":27505,"comment_status":"open","ping_status":"closed","template":"","meta":[],"product_brand":[],"product_cat":[148],"product_tag":[],"class_list":{"0":"post-27458","1":"product","2":"type-product","3":"status-publish","4":"has-post-thumbnail","6":"product_cat-bebidas-eco-bio","9":"first","10":"instock","11":"taxable","12":"shipping-taxable","13":"purchasable","14":"product-type-simple"},"_links":{"self":[{"href":"https:\/\/www.bodeca.es\/en\/wp-json\/wp\/v2\/product\/27458","targetHints":{"allow":["GET"]}}],"collection":[{"href":"https:\/\/www.bodeca.es\/en\/wp-json\/wp\/v2\/product"}],"about":[{"href":"https:\/\/www.bodeca.es\/en\/wp-json\/wp\/v2\/types\/product"}],"replies":[{"embeddable":true,"href":"https:\/\/www.bodeca.es\/en\/wp-json\/wp\/v2\/comments?post=27458"}],"wp:featuredmedia":[{"embeddable":true,"href":"https:\/\/www.bodeca.es\/en\/wp-json\/wp\/v2\/media\/27505"}],"wp:attachment":[{"href":"https:\/\/www.bodeca.es\/en\/wp-json\/wp\/v2\/media?parent=27458"}],"wp:term":[{"taxonomy":"product_brand","embeddable":true,"href":"https:\/\/www.bodeca.es\/en\/wp-json\/wp\/v2\/product_brand?post=27458"},{"taxonomy":"product_cat","embeddable":true,"href":"https:\/\/www.bodeca.es\/en\/wp-json\/wp\/v2\/product_cat?post=27458"},{"taxonomy":"product_tag","embeddable":true,"href":"https:\/\/www.bodeca.es\/en\/wp-json\/wp\/v2\/product_tag?post=27458"}],"curies":[{"name":"wp","href":"https:\/\/api.w.org\/{rel}","templated":true}]}}