{"id":27457,"date":"2022-11-22T21:17:35","date_gmt":"2022-11-22T20:17:35","guid":{"rendered":"https:\/\/www.bodeca.es\/?post_type=product&#038;p=27457"},"modified":"2023-01-25T20:47:52","modified_gmt":"2023-01-25T19:47:52","slug":"london-dry-gin-eco-organic-bio-trisdistilada","status":"publish","type":"product","link":"https:\/\/www.bodeca.es\/en\/producto\/london-dry-gin-eco-organic-bio-trisdistilada\/","title":{"rendered":"London Dry Gin Eco\/Organic\/Bio Trisdistilada"},"content":{"rendered":"<p>El mejor alcohol de grano junto con botanicos de muy alta calidad, previamente seleccionados (enebro, corteza de mandarina, corteza de lima, canela, ra\u00edz de ang\u00e9lica, p\u00e9talos de jazm\u00edn, vainilla, nuez\u2026) todos ellos 100% certificados ecologicos, tras una triple destilaci\u00f3n en alambique de cobre, dan lugar a una ginebra muy fina y equilibrada con toques mediterraneos y exoticos completamente distinta a las existentes en el mercado<\/p>\n","protected":false},"excerpt":{"rendered":"<p>El mejor alcohol de grano junto con botanicos de muy alta calidad.<\/p>\n<p><strong>Envase:<\/strong>\u00a070 cl.<br \/>\n<strong>Graduaci\u00f3n:<\/strong>\u00a040\u00ba<\/p>\n","protected":false},"featured_media":27504,"comment_status":"open","ping_status":"closed","template":"","meta":[],"product_brand":[],"product_cat":[148],"product_tag":[],"class_list":{"0":"post-27457","1":"product","2":"type-product","3":"status-publish","4":"has-post-thumbnail","6":"product_cat-bebidas-eco-bio","9":"first","10":"instock","11":"taxable","12":"shipping-taxable","13":"purchasable","14":"product-type-simple"},"_links":{"self":[{"href":"https:\/\/www.bodeca.es\/en\/wp-json\/wp\/v2\/product\/27457","targetHints":{"allow":["GET"]}}],"collection":[{"href":"https:\/\/www.bodeca.es\/en\/wp-json\/wp\/v2\/product"}],"about":[{"href":"https:\/\/www.bodeca.es\/en\/wp-json\/wp\/v2\/types\/product"}],"replies":[{"embeddable":true,"href":"https:\/\/www.bodeca.es\/en\/wp-json\/wp\/v2\/comments?post=27457"}],"wp:featuredmedia":[{"embeddable":true,"href":"https:\/\/www.bodeca.es\/en\/wp-json\/wp\/v2\/media\/27504"}],"wp:attachment":[{"href":"https:\/\/www.bodeca.es\/en\/wp-json\/wp\/v2\/media?parent=27457"}],"wp:term":[{"taxonomy":"product_brand","embeddable":true,"href":"https:\/\/www.bodeca.es\/en\/wp-json\/wp\/v2\/product_brand?post=27457"},{"taxonomy":"product_cat","embeddable":true,"href":"https:\/\/www.bodeca.es\/en\/wp-json\/wp\/v2\/product_cat?post=27457"},{"taxonomy":"product_tag","embeddable":true,"href":"https:\/\/www.bodeca.es\/en\/wp-json\/wp\/v2\/product_tag?post=27457"}],"curies":[{"name":"wp","href":"https:\/\/api.w.org\/{rel}","templated":true}]}}