{"id":27456,"date":"2022-11-22T21:17:34","date_gmt":"2022-11-22T20:17:34","guid":{"rendered":"https:\/\/www.bodeca.es\/?post_type=product&#038;p=27456"},"modified":"2023-01-25T20:48:27","modified_gmt":"2023-01-25T19:48:27","slug":"ginebra-ecologica-london-dry-premium","status":"publish","type":"product","link":"https:\/\/www.bodeca.es\/en\/producto\/ginebra-ecologica-london-dry-premium\/","title":{"rendered":"Ginebra Ecol\u00f3gica London Dry Premium"},"content":{"rendered":"<p>El mejor alcohol de grano junto con botanicos de muy alta calidad, previamente seleccionados (enebro, corteza de mandarina, corteza de lima, canela, ra\u00edz de ang\u00e9lica, p\u00e9talos de jazm\u00edn, vainilla, nuez\u2026) todos ellos 100% certificados ecologicos, tras ser destilados en alambique de cobre, dan lugar a una ginebra muy fina y equilibrada con toques mediterraneos y exoticos completamente distinta a las existentes en el mercado.Est\u00e1 hecha de manera tradicional, con sistema de destilaci\u00f3n con caldera de le\u00f1a y una esmerada maceraci\u00f3n. Adem\u00e1s, es bidestilada. El resultado es una ginebra de un sabor \u00fanico, con toque inigualable en el paladar y 100% original<\/p>\n","protected":false},"excerpt":{"rendered":"<p>Est\u00e1 hecha de manera tradicional, con sistema de destilaci\u00f3n con caldera de le\u00f1a y una esmerada maceraci\u00f3n. Adem\u00e1s, es bidestilada. El resultado es una ginebra de un sabor \u00fanico, con toque inigualable en el paladar y 100% original.<\/p>\n<p><strong>Envase:<\/strong>\u00a070 cl.<br \/>\n<strong>Graduaci\u00f3n:<\/strong>\u00a040\u00ba.<\/p>\n","protected":false},"featured_media":27503,"comment_status":"open","ping_status":"closed","template":"","meta":[],"product_brand":[],"product_cat":[148,145],"product_tag":[],"class_list":{"0":"post-27456","1":"product","2":"type-product","3":"status-publish","4":"has-post-thumbnail","6":"product_cat-bebidas-eco-bio","7":"product_cat-bebidas-premium","10":"first","11":"instock","12":"taxable","13":"shipping-taxable","14":"purchasable","15":"product-type-simple"},"_links":{"self":[{"href":"https:\/\/www.bodeca.es\/en\/wp-json\/wp\/v2\/product\/27456","targetHints":{"allow":["GET"]}}],"collection":[{"href":"https:\/\/www.bodeca.es\/en\/wp-json\/wp\/v2\/product"}],"about":[{"href":"https:\/\/www.bodeca.es\/en\/wp-json\/wp\/v2\/types\/product"}],"replies":[{"embeddable":true,"href":"https:\/\/www.bodeca.es\/en\/wp-json\/wp\/v2\/comments?post=27456"}],"wp:featuredmedia":[{"embeddable":true,"href":"https:\/\/www.bodeca.es\/en\/wp-json\/wp\/v2\/media\/27503"}],"wp:attachment":[{"href":"https:\/\/www.bodeca.es\/en\/wp-json\/wp\/v2\/media?parent=27456"}],"wp:term":[{"taxonomy":"product_brand","embeddable":true,"href":"https:\/\/www.bodeca.es\/en\/wp-json\/wp\/v2\/product_brand?post=27456"},{"taxonomy":"product_cat","embeddable":true,"href":"https:\/\/www.bodeca.es\/en\/wp-json\/wp\/v2\/product_cat?post=27456"},{"taxonomy":"product_tag","embeddable":true,"href":"https:\/\/www.bodeca.es\/en\/wp-json\/wp\/v2\/product_tag?post=27456"}],"curies":[{"name":"wp","href":"https:\/\/api.w.org\/{rel}","templated":true}]}}