{"id":27455,"date":"2022-11-22T21:17:34","date_gmt":"2022-11-22T20:17:34","guid":{"rendered":"https:\/\/www.bodeca.es\/?post_type=product&#038;p=27455"},"modified":"2022-12-01T10:58:12","modified_gmt":"2022-12-01T09:58:12","slug":"ron-anejo-ecologico","status":"publish","type":"product","link":"https:\/\/www.bodeca.es\/en\/producto\/ron-anejo-ecologico\/","title":{"rendered":"Ron A\u00f1ejo Ecol\u00f3gico"},"content":{"rendered":"<p>El Ron A\u00f1ejo Ecol\u00f3gico ofrecido por Destiler\u00edas Martes Santo est\u00e1 hecho artesanalmente a base de melaza de ca\u00f1a de az\u00facar y envejecido por 3 a\u00f1os. Este producto proviene de la agricultura ecol\u00f3gica ya que la materia prima es directamente cultivada en el Parque Sierra de Aracena y Picos de Aroche.<\/p>\n","protected":false},"excerpt":{"rendered":"<p>Con mosto procedente del jugo de ca\u00f1a cultivadas en ecologico, sometido a doble destilaci\u00f3n, obtenemos un aguardiente de ca\u00f1a que posteriormente a\u00f1ejamos durante un m\u00ednimo de 3 a\u00f1os en barrica de pedro ximenez, dando lugar al primer ron a\u00f1ejo ecologico certificado de Espa\u00f1a. Equilibrado, con toques acaramelados y recuerdos del famoso vino pedro ximenez proporcionado por las barricas donde se a\u00f1eja.<\/p>\n<p><strong>Envase:<\/strong>\u00a070 cl.<br \/>\n<strong>Graduaci\u00f3n:<\/strong>\u00a040\u00ba.<\/p>\n","protected":false},"featured_media":27502,"comment_status":"open","ping_status":"closed","template":"","meta":[],"product_brand":[],"product_cat":[148],"product_tag":[],"class_list":{"0":"post-27455","1":"product","2":"type-product","3":"status-publish","4":"has-post-thumbnail","6":"product_cat-bebidas-eco-bio","9":"first","10":"instock","11":"taxable","12":"shipping-taxable","13":"purchasable","14":"product-type-simple"},"_links":{"self":[{"href":"https:\/\/www.bodeca.es\/en\/wp-json\/wp\/v2\/product\/27455","targetHints":{"allow":["GET"]}}],"collection":[{"href":"https:\/\/www.bodeca.es\/en\/wp-json\/wp\/v2\/product"}],"about":[{"href":"https:\/\/www.bodeca.es\/en\/wp-json\/wp\/v2\/types\/product"}],"replies":[{"embeddable":true,"href":"https:\/\/www.bodeca.es\/en\/wp-json\/wp\/v2\/comments?post=27455"}],"wp:featuredmedia":[{"embeddable":true,"href":"https:\/\/www.bodeca.es\/en\/wp-json\/wp\/v2\/media\/27502"}],"wp:attachment":[{"href":"https:\/\/www.bodeca.es\/en\/wp-json\/wp\/v2\/media?parent=27455"}],"wp:term":[{"taxonomy":"product_brand","embeddable":true,"href":"https:\/\/www.bodeca.es\/en\/wp-json\/wp\/v2\/product_brand?post=27455"},{"taxonomy":"product_cat","embeddable":true,"href":"https:\/\/www.bodeca.es\/en\/wp-json\/wp\/v2\/product_cat?post=27455"},{"taxonomy":"product_tag","embeddable":true,"href":"https:\/\/www.bodeca.es\/en\/wp-json\/wp\/v2\/product_tag?post=27455"}],"curies":[{"name":"wp","href":"https:\/\/api.w.org\/{rel}","templated":true}]}}