{"id":27454,"date":"2022-11-22T21:17:34","date_gmt":"2022-11-22T20:17:34","guid":{"rendered":"https:\/\/www.bodeca.es\/?post_type=product&#038;p=27454"},"modified":"2022-12-01T10:58:00","modified_gmt":"2022-12-01T09:58:00","slug":"whisky-premium-ecologico","status":"publish","type":"product","link":"https:\/\/www.bodeca.es\/en\/producto\/whisky-premium-ecologico\/","title":{"rendered":"Whisky Premium Ecol\u00f3gico"},"content":{"rendered":"<p>El producto Whisky Premium Ecol\u00f3gico de Martes Santo est\u00e1 elaborado con m\u00e9todos completamente tradicionales. Adem\u00e1s, su materia prima son cereales 100% ecol\u00f3gicos, cultivados de manera convencional, sin pesticidas, herbicidas o fertilizantes. Se deja envejecer durante cuatro a\u00f1os en barricas que previamente han sido impregnadas con co\u00f1ac.<\/p>\n","protected":false},"excerpt":{"rendered":"<p class=\"p1\"><span class=\"s1\">Mosto procedente de las mejores maltas de cebadas fermentadas, 100% ecologicas, doblemente destilado en alambique de cobre, del cual se obtiene un aguardiente de cereal que posteriormente a\u00f1ejamos durante un m\u00ednimo de 4 a\u00f1os en barricas de Pedro Ximenez, dando lugar al primer whisky puro malta certificado ecologico de Espa\u00f1a. Muy fino, con toques dulces y avanillados, a su vez con car\u00e1cter y persistente en el paladar.<br \/>\n<\/span><\/p>\n<p><strong>Envase:<\/strong>\u00a070 cl.<br \/>\n<strong>Graduaci\u00f3n:<\/strong>\u00a040\u00ba.<\/p>\n","protected":false},"featured_media":27490,"comment_status":"open","ping_status":"closed","template":"","meta":[],"product_brand":[],"product_cat":[148],"product_tag":[],"class_list":{"0":"post-27454","1":"product","2":"type-product","3":"status-publish","4":"has-post-thumbnail","6":"product_cat-bebidas-eco-bio","9":"first","10":"instock","11":"taxable","12":"shipping-taxable","13":"purchasable","14":"product-type-simple"},"_links":{"self":[{"href":"https:\/\/www.bodeca.es\/en\/wp-json\/wp\/v2\/product\/27454","targetHints":{"allow":["GET"]}}],"collection":[{"href":"https:\/\/www.bodeca.es\/en\/wp-json\/wp\/v2\/product"}],"about":[{"href":"https:\/\/www.bodeca.es\/en\/wp-json\/wp\/v2\/types\/product"}],"replies":[{"embeddable":true,"href":"https:\/\/www.bodeca.es\/en\/wp-json\/wp\/v2\/comments?post=27454"}],"wp:featuredmedia":[{"embeddable":true,"href":"https:\/\/www.bodeca.es\/en\/wp-json\/wp\/v2\/media\/27490"}],"wp:attachment":[{"href":"https:\/\/www.bodeca.es\/en\/wp-json\/wp\/v2\/media?parent=27454"}],"wp:term":[{"taxonomy":"product_brand","embeddable":true,"href":"https:\/\/www.bodeca.es\/en\/wp-json\/wp\/v2\/product_brand?post=27454"},{"taxonomy":"product_cat","embeddable":true,"href":"https:\/\/www.bodeca.es\/en\/wp-json\/wp\/v2\/product_cat?post=27454"},{"taxonomy":"product_tag","embeddable":true,"href":"https:\/\/www.bodeca.es\/en\/wp-json\/wp\/v2\/product_tag?post=27454"}],"curies":[{"name":"wp","href":"https:\/\/api.w.org\/{rel}","templated":true}]}}