{"id":27453,"date":"2022-11-22T21:17:34","date_gmt":"2022-11-22T20:17:34","guid":{"rendered":"https:\/\/www.bodeca.es\/?post_type=product&#038;p=27453"},"modified":"2023-11-16T19:48:08","modified_gmt":"2023-11-16T18:48:08","slug":"crema-de-anis","status":"publish","type":"product","link":"https:\/\/www.bodeca.es\/en\/producto\/crema-de-anis\/","title":{"rendered":"Crema de An\u00eds"},"content":{"rendered":"<p>La Crema de An\u00eds de Martes Santo es una bebida ex\u00f3tica a base de <a href=\"https:\/\/www.bodeca.es\/categoria\/cremas\/\">crema<\/a> fresca de <a href=\"https:\/\/es.wikipedia.org\/wiki\/An%C3%ADs\">an\u00eds<\/a>, con un toque de lim\u00f3n y canela, para los que gustan de disfrutar un momento sublime acompa\u00f1ado de un sabor aterciopelado, que se puede degustar en cualquier \u00e9poca del a\u00f1o como digestivo o simplemente saborear solo.<\/p>\n","protected":false},"excerpt":{"rendered":"<p>Una nueva y agradable forma de tomar an\u00eds, convirtiendo en crema nuestro an\u00eds extraseco\u00a0 y proporcionandole un toque de naranja, limon y canela.<\/p>\n<p><strong>Envase:<\/strong>\u00a070 cl.<br \/>\n<strong>Graduaci\u00f3n:<\/strong>\u00a017\u00ba<\/p>\n","protected":false},"featured_media":27489,"comment_status":"open","ping_status":"closed","template":"","meta":[],"product_brand":[],"product_cat":[147],"product_tag":[],"class_list":{"0":"post-27453","1":"product","2":"type-product","3":"status-publish","4":"has-post-thumbnail","6":"product_cat-aguardientes-y-anisados","9":"first","10":"instock","11":"taxable","12":"shipping-taxable","13":"purchasable","14":"product-type-simple"},"_links":{"self":[{"href":"https:\/\/www.bodeca.es\/en\/wp-json\/wp\/v2\/product\/27453","targetHints":{"allow":["GET"]}}],"collection":[{"href":"https:\/\/www.bodeca.es\/en\/wp-json\/wp\/v2\/product"}],"about":[{"href":"https:\/\/www.bodeca.es\/en\/wp-json\/wp\/v2\/types\/product"}],"replies":[{"embeddable":true,"href":"https:\/\/www.bodeca.es\/en\/wp-json\/wp\/v2\/comments?post=27453"}],"wp:featuredmedia":[{"embeddable":true,"href":"https:\/\/www.bodeca.es\/en\/wp-json\/wp\/v2\/media\/27489"}],"wp:attachment":[{"href":"https:\/\/www.bodeca.es\/en\/wp-json\/wp\/v2\/media?parent=27453"}],"wp:term":[{"taxonomy":"product_brand","embeddable":true,"href":"https:\/\/www.bodeca.es\/en\/wp-json\/wp\/v2\/product_brand?post=27453"},{"taxonomy":"product_cat","embeddable":true,"href":"https:\/\/www.bodeca.es\/en\/wp-json\/wp\/v2\/product_cat?post=27453"},{"taxonomy":"product_tag","embeddable":true,"href":"https:\/\/www.bodeca.es\/en\/wp-json\/wp\/v2\/product_tag?post=27453"}],"curies":[{"name":"wp","href":"https:\/\/api.w.org\/{rel}","templated":true}]}}