{"id":27452,"date":"2022-11-22T21:17:33","date_gmt":"2022-11-22T20:17:33","guid":{"rendered":"https:\/\/www.bodeca.es\/?post_type=product&#038;p=27452"},"modified":"2023-02-27T18:30:02","modified_gmt":"2023-02-27T17:30:02","slug":"aguardiente-de-orujo","status":"publish","type":"product","link":"https:\/\/www.bodeca.es\/en\/producto\/aguardiente-de-orujo\/","title":{"rendered":"Aguardiente de Orujo"},"content":{"rendered":"<p>Aguardiente de <a href=\"https:\/\/es.wikipedia.org\/wiki\/Orujo\">Orujo<\/a> de Martes Santo es una bebida espirituosa elaborada con m\u00e1xima calidad y que tienes que tener entre tus bebidas alcoh\u00f3licas preferidas. Experimenta en tu paladar este destilado intenso del hollejo de las uvas, que contiene adem\u00e1s ra\u00edces vin\u00edcolas profundas. Ofrece un aroma y cuerpo distintivos y aut\u00e9nticos.<\/p>\n","protected":false},"excerpt":{"rendered":"<p>Es un destilado de ra\u00edces vin\u00edcolas. Su cuerpo y aroma ofrecen el valor de lo natural proporcionado por las uvas de nuestra zona.<\/p>\n<p><strong>Envase:<\/strong>\u00a070 cl.<br \/>\n<strong>Graduaci\u00f3n:<\/strong>\u00a040\u00ba<\/p>\n","protected":false},"featured_media":27488,"comment_status":"open","ping_status":"closed","template":"","meta":[],"product_brand":[],"product_cat":[147],"product_tag":[],"class_list":{"0":"post-27452","1":"product","2":"type-product","3":"status-publish","4":"has-post-thumbnail","6":"product_cat-aguardientes-y-anisados","9":"first","10":"instock","11":"taxable","12":"shipping-taxable","13":"purchasable","14":"product-type-simple"},"_links":{"self":[{"href":"https:\/\/www.bodeca.es\/en\/wp-json\/wp\/v2\/product\/27452","targetHints":{"allow":["GET"]}}],"collection":[{"href":"https:\/\/www.bodeca.es\/en\/wp-json\/wp\/v2\/product"}],"about":[{"href":"https:\/\/www.bodeca.es\/en\/wp-json\/wp\/v2\/types\/product"}],"replies":[{"embeddable":true,"href":"https:\/\/www.bodeca.es\/en\/wp-json\/wp\/v2\/comments?post=27452"}],"wp:featuredmedia":[{"embeddable":true,"href":"https:\/\/www.bodeca.es\/en\/wp-json\/wp\/v2\/media\/27488"}],"wp:attachment":[{"href":"https:\/\/www.bodeca.es\/en\/wp-json\/wp\/v2\/media?parent=27452"}],"wp:term":[{"taxonomy":"product_brand","embeddable":true,"href":"https:\/\/www.bodeca.es\/en\/wp-json\/wp\/v2\/product_brand?post=27452"},{"taxonomy":"product_cat","embeddable":true,"href":"https:\/\/www.bodeca.es\/en\/wp-json\/wp\/v2\/product_cat?post=27452"},{"taxonomy":"product_tag","embeddable":true,"href":"https:\/\/www.bodeca.es\/en\/wp-json\/wp\/v2\/product_tag?post=27452"}],"curies":[{"name":"wp","href":"https:\/\/api.w.org\/{rel}","templated":true}]}}