{"id":27451,"date":"2022-11-22T21:17:33","date_gmt":"2022-11-22T20:17:33","guid":{"rendered":"https:\/\/www.bodeca.es\/?post_type=product&#038;p=27451"},"modified":"2023-02-27T18:26:19","modified_gmt":"2023-02-27T17:26:19","slug":"anis-dulce-bidestilado","status":"publish","type":"product","link":"https:\/\/www.bodeca.es\/en\/producto\/anis-dulce-bidestilado\/","title":{"rendered":"An\u00eds Dulce Bidestilado"},"content":{"rendered":"<p>El exquisito <a href=\"https:\/\/es.wikipedia.org\/wiki\/An%C3%ADs\">An\u00eds <\/a>Dulce es un rico licor que superar\u00e1 tus expectativas al probarlo, puesto que tiene un sabor dulce que arde pero sienta delicioso y una consistencia delicada que lo hace ser ideal para disfrutarlo solo, o mezcl\u00e1ndolo con otras bebidas para crear nuevas propuestas degustativas.<\/p>\n","protected":false},"excerpt":{"rendered":"<p>Mantiene la personalidad de nuestro legendario an\u00eds extraseco Martes Santo, mezcl\u00e1ndolo con un alm\u00edbar con el que se confiere una textura sutil y matices dulces duraderos.<\/p>\n<p><strong>Envases:<\/strong>\u00a070 cl.<br \/>\n<strong>Graduaci\u00f3n:<\/strong>\u00a035\u00ba<\/p>\n","protected":false},"featured_media":27487,"comment_status":"open","ping_status":"closed","template":"","meta":[],"product_brand":[],"product_cat":[147],"product_tag":[],"class_list":{"0":"post-27451","1":"product","2":"type-product","3":"status-publish","4":"has-post-thumbnail","6":"product_cat-aguardientes-y-anisados","9":"first","10":"instock","11":"taxable","12":"shipping-taxable","13":"purchasable","14":"product-type-simple"},"_links":{"self":[{"href":"https:\/\/www.bodeca.es\/en\/wp-json\/wp\/v2\/product\/27451","targetHints":{"allow":["GET"]}}],"collection":[{"href":"https:\/\/www.bodeca.es\/en\/wp-json\/wp\/v2\/product"}],"about":[{"href":"https:\/\/www.bodeca.es\/en\/wp-json\/wp\/v2\/types\/product"}],"replies":[{"embeddable":true,"href":"https:\/\/www.bodeca.es\/en\/wp-json\/wp\/v2\/comments?post=27451"}],"wp:featuredmedia":[{"embeddable":true,"href":"https:\/\/www.bodeca.es\/en\/wp-json\/wp\/v2\/media\/27487"}],"wp:attachment":[{"href":"https:\/\/www.bodeca.es\/en\/wp-json\/wp\/v2\/media?parent=27451"}],"wp:term":[{"taxonomy":"product_brand","embeddable":true,"href":"https:\/\/www.bodeca.es\/en\/wp-json\/wp\/v2\/product_brand?post=27451"},{"taxonomy":"product_cat","embeddable":true,"href":"https:\/\/www.bodeca.es\/en\/wp-json\/wp\/v2\/product_cat?post=27451"},{"taxonomy":"product_tag","embeddable":true,"href":"https:\/\/www.bodeca.es\/en\/wp-json\/wp\/v2\/product_tag?post=27451"}],"curies":[{"name":"wp","href":"https:\/\/api.w.org\/{rel}","templated":true}]}}