{"id":27450,"date":"2022-11-22T21:17:33","date_gmt":"2022-11-22T20:17:33","guid":{"rendered":"https:\/\/www.bodeca.es\/?post_type=product&#038;p=27450"},"modified":"2023-02-27T18:21:31","modified_gmt":"2023-02-27T17:21:31","slug":"anis-extra-seco-bidestilado","status":"publish","type":"product","link":"https:\/\/www.bodeca.es\/en\/producto\/anis-extra-seco-bidestilado\/","title":{"rendered":"An\u00eds Extra Seco Bidestilado"},"content":{"rendered":"<h1>An\u00eds Extra Seco Bidestilado<\/h1>\n<p> de Martes Santo\u00ae es resultado de una compleja elaboraci\u00f3n, ya que ha sido destilado en alambique de cobre alimentado con le\u00f1a de encina, proceso tradicional que se sigue utilizando para conservar la calidad de este fino producto. Es una bebida de <a href=\"https:\/\/es.wikipedia.org\/wiki\/An%C3%ADs\">an\u00eds <\/a>artesanal hecha con ingredientes ecol\u00f3gicos, con un sabor delicioso y estupendo.<\/p>\n","protected":false},"excerpt":{"rendered":"<p>Aut\u00e9ntico an\u00eds extra seco de suave y fina textura, con un equilibrado sabor a matalah\u00faga. Fruto de una labor compleja de doble destilaci\u00f3n en alambique de cobre alimentado con le\u00f1a de encina.<\/p>\n<p><strong>Envases:<\/strong>\u00a070 cl.<br \/>\n<strong>Graduaci\u00f3n:<\/strong>\u00a052\u00ba<\/p>\n","protected":false},"featured_media":27486,"comment_status":"open","ping_status":"closed","template":"","meta":[],"product_brand":[],"product_cat":[147],"product_tag":[],"class_list":{"0":"post-27450","1":"product","2":"type-product","3":"status-publish","4":"has-post-thumbnail","6":"product_cat-aguardientes-y-anisados","9":"first","10":"instock","11":"taxable","12":"shipping-taxable","13":"purchasable","14":"product-type-simple"},"_links":{"self":[{"href":"https:\/\/www.bodeca.es\/en\/wp-json\/wp\/v2\/product\/27450","targetHints":{"allow":["GET"]}}],"collection":[{"href":"https:\/\/www.bodeca.es\/en\/wp-json\/wp\/v2\/product"}],"about":[{"href":"https:\/\/www.bodeca.es\/en\/wp-json\/wp\/v2\/types\/product"}],"replies":[{"embeddable":true,"href":"https:\/\/www.bodeca.es\/en\/wp-json\/wp\/v2\/comments?post=27450"}],"wp:featuredmedia":[{"embeddable":true,"href":"https:\/\/www.bodeca.es\/en\/wp-json\/wp\/v2\/media\/27486"}],"wp:attachment":[{"href":"https:\/\/www.bodeca.es\/en\/wp-json\/wp\/v2\/media?parent=27450"}],"wp:term":[{"taxonomy":"product_brand","embeddable":true,"href":"https:\/\/www.bodeca.es\/en\/wp-json\/wp\/v2\/product_brand?post=27450"},{"taxonomy":"product_cat","embeddable":true,"href":"https:\/\/www.bodeca.es\/en\/wp-json\/wp\/v2\/product_cat?post=27450"},{"taxonomy":"product_tag","embeddable":true,"href":"https:\/\/www.bodeca.es\/en\/wp-json\/wp\/v2\/product_tag?post=27450"}],"curies":[{"name":"wp","href":"https:\/\/api.w.org\/{rel}","templated":true}]}}