{"id":27449,"date":"2022-11-22T21:17:32","date_gmt":"2022-11-22T20:17:32","guid":{"rendered":"https:\/\/www.bodeca.es\/?post_type=product&#038;p=27449"},"modified":"2023-11-16T22:05:03","modified_gmt":"2023-11-16T21:05:03","slug":"estuches-de-miniaturas","status":"publish","type":"product","link":"https:\/\/www.bodeca.es\/en\/producto\/estuches-de-miniaturas\/","title":{"rendered":"Estuches De Miniaturas Licores"},"content":{"rendered":"<p><strong>Estuches De Miniaturas Licores- <\/strong>\u00a0Martes Santo ha creado el Surtido Especial con 5 Miniaturas de <a href=\"https:\/\/www.bodeca.es\/categoria\/licores\/\">Licores<\/a> pensando en ti, ideal para todo tipo de festejos, como una boda, reuni\u00f3n entre amigos cercanos, de negocios, entre otros. Contiene 5 botellas de tama\u00f1o peque\u00f1o, seleccionadas con <a href=\"https:\/\/es.wikipedia.org\/wiki\/Licor\">licores<\/a> diferentes.<\/p>\n","protected":false},"excerpt":{"rendered":"<p>Contiene 5 botellas de tama\u00f1o peque\u00f1o, seleccionadas con licores diferentes.<\/p>\n<p><strong>Envase:<\/strong>\u00a05 x 10 cl.<br \/>\n<strong>Grados:<\/strong>\u00a020\u00ba.<\/p>\n","protected":false},"featured_media":27485,"comment_status":"open","ping_status":"closed","template":"","meta":[],"product_brand":[],"product_cat":[146],"product_tag":[],"class_list":{"0":"post-27449","1":"product","2":"type-product","3":"status-publish","4":"has-post-thumbnail","6":"product_cat-licores","9":"first","10":"instock","11":"taxable","12":"shipping-taxable","13":"purchasable","14":"product-type-simple"},"_links":{"self":[{"href":"https:\/\/www.bodeca.es\/en\/wp-json\/wp\/v2\/product\/27449","targetHints":{"allow":["GET"]}}],"collection":[{"href":"https:\/\/www.bodeca.es\/en\/wp-json\/wp\/v2\/product"}],"about":[{"href":"https:\/\/www.bodeca.es\/en\/wp-json\/wp\/v2\/types\/product"}],"replies":[{"embeddable":true,"href":"https:\/\/www.bodeca.es\/en\/wp-json\/wp\/v2\/comments?post=27449"}],"wp:featuredmedia":[{"embeddable":true,"href":"https:\/\/www.bodeca.es\/en\/wp-json\/wp\/v2\/media\/27485"}],"wp:attachment":[{"href":"https:\/\/www.bodeca.es\/en\/wp-json\/wp\/v2\/media?parent=27449"}],"wp:term":[{"taxonomy":"product_brand","embeddable":true,"href":"https:\/\/www.bodeca.es\/en\/wp-json\/wp\/v2\/product_brand?post=27449"},{"taxonomy":"product_cat","embeddable":true,"href":"https:\/\/www.bodeca.es\/en\/wp-json\/wp\/v2\/product_cat?post=27449"},{"taxonomy":"product_tag","embeddable":true,"href":"https:\/\/www.bodeca.es\/en\/wp-json\/wp\/v2\/product_tag?post=27449"}],"curies":[{"name":"wp","href":"https:\/\/api.w.org\/{rel}","templated":true}]}}