{"id":27448,"date":"2022-11-22T21:17:31","date_gmt":"2022-11-22T20:17:31","guid":{"rendered":"https:\/\/www.bodeca.es\/?post_type=product&#038;p=27448"},"modified":"2022-12-01T10:26:24","modified_gmt":"2022-12-01T09:26:24","slug":"vodka-caramelo","status":"publish","type":"product","link":"https:\/\/www.bodeca.es\/en\/producto\/vodka-caramelo\/","title":{"rendered":"Vodka Caramelo"},"content":{"rendered":"<p>Vodka Caramelo de Martes Santo es una bebida destilada de gran calidad y sabor, compuesta por un cl\u00e1sico vodka endulzado con caramelo, otorg\u00e1ndole un sabor inigualable ideal para compartir con amigos, mezclar o acompa\u00f1ar cualquier tipo de comida. Una bebida elaborada por una destiler\u00eda de gran tradici\u00f3n.<\/p>\n","protected":false},"excerpt":{"rendered":"<p>Sabor de \u00e9lite,\u00a0 con la intensidad del vodka y la dulzura del mejor caramelo.<\/p>\n<p><strong>Envase:<\/strong>\u00a070 cl.<br \/>\n<strong>Graduaci\u00f3n:<\/strong>\u00a030\u00ba<\/p>\n","protected":false},"featured_media":27484,"comment_status":"open","ping_status":"closed","template":"","meta":[],"product_brand":[],"product_cat":[146],"product_tag":[],"class_list":{"0":"post-27448","1":"product","2":"type-product","3":"status-publish","4":"has-post-thumbnail","6":"product_cat-licores","9":"first","10":"instock","11":"taxable","12":"shipping-taxable","13":"purchasable","14":"product-type-simple"},"_links":{"self":[{"href":"https:\/\/www.bodeca.es\/en\/wp-json\/wp\/v2\/product\/27448","targetHints":{"allow":["GET"]}}],"collection":[{"href":"https:\/\/www.bodeca.es\/en\/wp-json\/wp\/v2\/product"}],"about":[{"href":"https:\/\/www.bodeca.es\/en\/wp-json\/wp\/v2\/types\/product"}],"replies":[{"embeddable":true,"href":"https:\/\/www.bodeca.es\/en\/wp-json\/wp\/v2\/comments?post=27448"}],"wp:featuredmedia":[{"embeddable":true,"href":"https:\/\/www.bodeca.es\/en\/wp-json\/wp\/v2\/media\/27484"}],"wp:attachment":[{"href":"https:\/\/www.bodeca.es\/en\/wp-json\/wp\/v2\/media?parent=27448"}],"wp:term":[{"taxonomy":"product_brand","embeddable":true,"href":"https:\/\/www.bodeca.es\/en\/wp-json\/wp\/v2\/product_brand?post=27448"},{"taxonomy":"product_cat","embeddable":true,"href":"https:\/\/www.bodeca.es\/en\/wp-json\/wp\/v2\/product_cat?post=27448"},{"taxonomy":"product_tag","embeddable":true,"href":"https:\/\/www.bodeca.es\/en\/wp-json\/wp\/v2\/product_tag?post=27448"}],"curies":[{"name":"wp","href":"https:\/\/api.w.org\/{rel}","templated":true}]}}