{"id":27447,"date":"2022-11-22T21:17:31","date_gmt":"2022-11-22T20:17:31","guid":{"rendered":"https:\/\/www.bodeca.es\/?post_type=product&#038;p=27447"},"modified":"2024-10-15T16:44:24","modified_gmt":"2024-10-15T14:44:24","slug":"licor-de-castana","status":"publish","type":"product","link":"https:\/\/www.bodeca.es\/en\/producto\/licor-de-castana\/","title":{"rendered":"Licor de Casta\u00f1a"},"content":{"rendered":"<p>Licor de Casta\u00f1a de Martes Santo es una bebida exquisita desarrollada con m\u00e9todos tradicionales con casta\u00f1as silvestres recolectadas de forma artesanal. Disfruta del aroma y del sabor incomparable de un producto creado a partir de procesos y recursos etnogr\u00e1ficos caracter\u00edsticas del Parque Natural Sierra de Aracena y de Picos de Aroche. Contiene frutos enteros de casta\u00f1a<\/p>\n","protected":false},"excerpt":{"rendered":"<p>Casta\u00f1as autoctonas proporcionan una calidad especial a este licor tan serrano.<\/p>\n<p><strong>Envase:<\/strong>\u00a070 cl.<br \/>\n<strong>Graduaci\u00f3n:<\/strong>\u00a020\u00ba<\/p>\n","protected":false},"featured_media":27483,"comment_status":"open","ping_status":"closed","template":"","meta":[],"product_brand":[],"product_cat":[146],"product_tag":[],"class_list":{"0":"post-27447","1":"product","2":"type-product","3":"status-publish","4":"has-post-thumbnail","6":"product_cat-licores","9":"first","10":"instock","11":"taxable","12":"shipping-taxable","13":"purchasable","14":"product-type-simple"},"_links":{"self":[{"href":"https:\/\/www.bodeca.es\/en\/wp-json\/wp\/v2\/product\/27447","targetHints":{"allow":["GET"]}}],"collection":[{"href":"https:\/\/www.bodeca.es\/en\/wp-json\/wp\/v2\/product"}],"about":[{"href":"https:\/\/www.bodeca.es\/en\/wp-json\/wp\/v2\/types\/product"}],"replies":[{"embeddable":true,"href":"https:\/\/www.bodeca.es\/en\/wp-json\/wp\/v2\/comments?post=27447"}],"wp:featuredmedia":[{"embeddable":true,"href":"https:\/\/www.bodeca.es\/en\/wp-json\/wp\/v2\/media\/27483"}],"wp:attachment":[{"href":"https:\/\/www.bodeca.es\/en\/wp-json\/wp\/v2\/media?parent=27447"}],"wp:term":[{"taxonomy":"product_brand","embeddable":true,"href":"https:\/\/www.bodeca.es\/en\/wp-json\/wp\/v2\/product_brand?post=27447"},{"taxonomy":"product_cat","embeddable":true,"href":"https:\/\/www.bodeca.es\/en\/wp-json\/wp\/v2\/product_cat?post=27447"},{"taxonomy":"product_tag","embeddable":true,"href":"https:\/\/www.bodeca.es\/en\/wp-json\/wp\/v2\/product_tag?post=27447"}],"curies":[{"name":"wp","href":"https:\/\/api.w.org\/{rel}","templated":true}]}}