{"id":27446,"date":"2022-11-22T21:17:31","date_gmt":"2022-11-22T20:17:31","guid":{"rendered":"https:\/\/www.bodeca.es\/?post_type=product&#038;p=27446"},"modified":"2025-01-26T03:16:48","modified_gmt":"2025-01-26T02:16:48","slug":"licor-de-cafe","status":"publish","type":"product","link":"https:\/\/www.bodeca.es\/en\/producto\/licor-de-cafe\/","title":{"rendered":"Licor de Caf\u00e9"},"content":{"rendered":"<p>Licor de Caf\u00e9 de Martes Santo es una delicia elaborada en base al agua ardiente de orujo y mediante la maceraci\u00f3n de los granos de caf\u00e9. Se obtiene esta bebida arom\u00e1tica ideal para consumir en una sobremesa, o en diversos cocteles. No te pierdas de esta experiencia relajante y al mismo tiempo estimulante.<br \/>\nLicor<\/p>\n","protected":false},"excerpt":{"rendered":"<p>Un aut\u00e9ntico y puro licor de caf\u00e9.<\/p>\n<p><strong>Envase:<\/strong>\u00a070 cl.<br \/>\n<strong>Graduaci\u00f3n:<\/strong>\u00a025\u00ba<\/p>\n","protected":false},"featured_media":27482,"comment_status":"open","ping_status":"closed","template":"","meta":[],"product_brand":[],"product_cat":[146],"product_tag":[],"class_list":{"0":"post-27446","1":"product","2":"type-product","3":"status-publish","4":"has-post-thumbnail","6":"product_cat-licores","9":"first","10":"instock","11":"taxable","12":"shipping-taxable","13":"purchasable","14":"product-type-simple"},"_links":{"self":[{"href":"https:\/\/www.bodeca.es\/en\/wp-json\/wp\/v2\/product\/27446","targetHints":{"allow":["GET"]}}],"collection":[{"href":"https:\/\/www.bodeca.es\/en\/wp-json\/wp\/v2\/product"}],"about":[{"href":"https:\/\/www.bodeca.es\/en\/wp-json\/wp\/v2\/types\/product"}],"replies":[{"embeddable":true,"href":"https:\/\/www.bodeca.es\/en\/wp-json\/wp\/v2\/comments?post=27446"}],"wp:featuredmedia":[{"embeddable":true,"href":"https:\/\/www.bodeca.es\/en\/wp-json\/wp\/v2\/media\/27482"}],"wp:attachment":[{"href":"https:\/\/www.bodeca.es\/en\/wp-json\/wp\/v2\/media?parent=27446"}],"wp:term":[{"taxonomy":"product_brand","embeddable":true,"href":"https:\/\/www.bodeca.es\/en\/wp-json\/wp\/v2\/product_brand?post=27446"},{"taxonomy":"product_cat","embeddable":true,"href":"https:\/\/www.bodeca.es\/en\/wp-json\/wp\/v2\/product_cat?post=27446"},{"taxonomy":"product_tag","embeddable":true,"href":"https:\/\/www.bodeca.es\/en\/wp-json\/wp\/v2\/product_tag?post=27446"}],"curies":[{"name":"wp","href":"https:\/\/api.w.org\/{rel}","templated":true}]}}