{"id":27442,"date":"2022-11-22T21:17:30","date_gmt":"2022-11-22T20:17:30","guid":{"rendered":"https:\/\/www.bodeca.es\/?post_type=product&#038;p=27442"},"modified":"2022-12-01T10:27:18","modified_gmt":"2022-12-01T09:27:18","slug":"licor-de-limoncello","status":"publish","type":"product","link":"https:\/\/www.bodeca.es\/en\/producto\/licor-de-limoncello\/","title":{"rendered":"Licor de Limoncello"},"content":{"rendered":"<p>Limoncello de Martes Santo es un licor dulce a base de lim\u00f3n perfectamente macerado en alcoholes selectos, el cual posee un incre\u00edble sabor que lo hace ser \u00fanico e indicado para disfrutar con amigos, junto a comidas exquisitas e incluso puede a\u00f1adirse a recetas de postres.<\/p>\n","protected":false},"excerpt":{"rendered":"<p>Corteza y zumo de refrescante lim\u00f3n, macerados en alcoholes destilados, dan lugar a nuestro Limoncello. Nada mejor despu\u00e9s de una comida especial.<\/p>\n<p><strong>Envase:\u00a0<\/strong>70 cl.<br \/>\n<strong>Graduaci\u00f3n:\u00a0<\/strong>25\u00ba<\/p>\n","protected":false},"featured_media":27472,"comment_status":"open","ping_status":"closed","template":"","meta":[],"product_brand":[],"product_cat":[146],"product_tag":[],"class_list":{"0":"post-27442","1":"product","2":"type-product","3":"status-publish","4":"has-post-thumbnail","6":"product_cat-licores","9":"first","10":"instock","11":"taxable","12":"shipping-taxable","13":"purchasable","14":"product-type-simple"},"_links":{"self":[{"href":"https:\/\/www.bodeca.es\/en\/wp-json\/wp\/v2\/product\/27442","targetHints":{"allow":["GET"]}}],"collection":[{"href":"https:\/\/www.bodeca.es\/en\/wp-json\/wp\/v2\/product"}],"about":[{"href":"https:\/\/www.bodeca.es\/en\/wp-json\/wp\/v2\/types\/product"}],"replies":[{"embeddable":true,"href":"https:\/\/www.bodeca.es\/en\/wp-json\/wp\/v2\/comments?post=27442"}],"wp:featuredmedia":[{"embeddable":true,"href":"https:\/\/www.bodeca.es\/en\/wp-json\/wp\/v2\/media\/27472"}],"wp:attachment":[{"href":"https:\/\/www.bodeca.es\/en\/wp-json\/wp\/v2\/media?parent=27442"}],"wp:term":[{"taxonomy":"product_brand","embeddable":true,"href":"https:\/\/www.bodeca.es\/en\/wp-json\/wp\/v2\/product_brand?post=27442"},{"taxonomy":"product_cat","embeddable":true,"href":"https:\/\/www.bodeca.es\/en\/wp-json\/wp\/v2\/product_cat?post=27442"},{"taxonomy":"product_tag","embeddable":true,"href":"https:\/\/www.bodeca.es\/en\/wp-json\/wp\/v2\/product_tag?post=27442"}],"curies":[{"name":"wp","href":"https:\/\/api.w.org\/{rel}","templated":true}]}}