{"id":27441,"date":"2022-11-22T21:17:30","date_gmt":"2022-11-22T20:17:30","guid":{"rendered":"https:\/\/www.bodeca.es\/?post_type=product&#038;p=27441"},"modified":"2022-12-01T10:27:13","modified_gmt":"2022-12-01T09:27:13","slug":"licor-de-guindas","status":"publish","type":"product","link":"https:\/\/www.bodeca.es\/en\/producto\/licor-de-guindas\/","title":{"rendered":"Licor de Guindas"},"content":{"rendered":"<p>El Licor de Guindas\u00a0 Martes Santo es una bebida de producci\u00f3n ecol\u00f3gica a base de guindas maceradas tipo Garrafal, muy rica en intensidad de sabor y color, elaborado con una exclusiva f\u00f3rmula que hacen su cuerpo, su aroma y sabor inigualables, con guindas cultivadas y recolectadas en peque\u00f1os huertos de la zona de Higuera de la Sierra, Espa\u00f1a<\/p>\n","protected":false},"excerpt":{"rendered":"<p>Fabricado con una variedad de guinda autoctona, de gran sabor y color, maceradas en anis extraseco bidestilado. (Contiene guindas).<\/p>\n<p><strong>Envase:<\/strong>\u00a070 cl.<br \/>\n<strong>Graduaci\u00f3n:<\/strong>\u00a028\u00ba<\/p>\n","protected":false},"featured_media":27471,"comment_status":"open","ping_status":"closed","template":"","meta":[],"product_brand":[],"product_cat":[146],"product_tag":[],"class_list":{"0":"post-27441","1":"product","2":"type-product","3":"status-publish","4":"has-post-thumbnail","6":"product_cat-licores","9":"first","10":"instock","11":"taxable","12":"shipping-taxable","13":"purchasable","14":"product-type-simple"},"_links":{"self":[{"href":"https:\/\/www.bodeca.es\/en\/wp-json\/wp\/v2\/product\/27441","targetHints":{"allow":["GET"]}}],"collection":[{"href":"https:\/\/www.bodeca.es\/en\/wp-json\/wp\/v2\/product"}],"about":[{"href":"https:\/\/www.bodeca.es\/en\/wp-json\/wp\/v2\/types\/product"}],"replies":[{"embeddable":true,"href":"https:\/\/www.bodeca.es\/en\/wp-json\/wp\/v2\/comments?post=27441"}],"wp:featuredmedia":[{"embeddable":true,"href":"https:\/\/www.bodeca.es\/en\/wp-json\/wp\/v2\/media\/27471"}],"wp:attachment":[{"href":"https:\/\/www.bodeca.es\/en\/wp-json\/wp\/v2\/media?parent=27441"}],"wp:term":[{"taxonomy":"product_brand","embeddable":true,"href":"https:\/\/www.bodeca.es\/en\/wp-json\/wp\/v2\/product_brand?post=27441"},{"taxonomy":"product_cat","embeddable":true,"href":"https:\/\/www.bodeca.es\/en\/wp-json\/wp\/v2\/product_cat?post=27441"},{"taxonomy":"product_tag","embeddable":true,"href":"https:\/\/www.bodeca.es\/en\/wp-json\/wp\/v2\/product_tag?post=27441"}],"curies":[{"name":"wp","href":"https:\/\/api.w.org\/{rel}","templated":true}]}}