{"id":27440,"date":"2022-11-22T21:17:30","date_gmt":"2022-11-22T20:17:30","guid":{"rendered":"https:\/\/www.bodeca.es\/?post_type=product&#038;p=27440"},"modified":"2023-01-25T20:56:44","modified_gmt":"2023-01-25T19:56:44","slug":"trypix","status":"publish","type":"product","link":"https:\/\/www.bodeca.es\/en\/producto\/trypix\/","title":{"rendered":"Trypix"},"content":{"rendered":"<p>Las grandes f\u00f3rmulas siempre son secretas, y esta no podr\u00eda ser la excepci\u00f3n, hay que mantener el misterio. Lo que si se puede decir es que esta f\u00f3rmula hecha a partir de 70 bot\u00e1nicos (hierbas, ra\u00edces, flores, especias, c\u00edtricos) cuidadosamente seleccionados, no dejar\u00e1 indiferente a nadie. No creas que es solo palabrer\u00eda, Trypix ha llegado para crear un impacto real, pru\u00e9balo.<\/p>\n","protected":false},"excerpt":{"rendered":"<p class=\"product-details-product-title\">Licor Tripix Original<\/p>\n","protected":false},"featured_media":27470,"comment_status":"open","ping_status":"closed","template":"","meta":[],"product_brand":[],"product_cat":[146],"product_tag":[],"class_list":{"0":"post-27440","1":"product","2":"type-product","3":"status-publish","4":"has-post-thumbnail","6":"product_cat-licores","9":"first","10":"instock","11":"taxable","12":"shipping-taxable","13":"purchasable","14":"product-type-simple"},"_links":{"self":[{"href":"https:\/\/www.bodeca.es\/en\/wp-json\/wp\/v2\/product\/27440","targetHints":{"allow":["GET"]}}],"collection":[{"href":"https:\/\/www.bodeca.es\/en\/wp-json\/wp\/v2\/product"}],"about":[{"href":"https:\/\/www.bodeca.es\/en\/wp-json\/wp\/v2\/types\/product"}],"replies":[{"embeddable":true,"href":"https:\/\/www.bodeca.es\/en\/wp-json\/wp\/v2\/comments?post=27440"}],"wp:featuredmedia":[{"embeddable":true,"href":"https:\/\/www.bodeca.es\/en\/wp-json\/wp\/v2\/media\/27470"}],"wp:attachment":[{"href":"https:\/\/www.bodeca.es\/en\/wp-json\/wp\/v2\/media?parent=27440"}],"wp:term":[{"taxonomy":"product_brand","embeddable":true,"href":"https:\/\/www.bodeca.es\/en\/wp-json\/wp\/v2\/product_brand?post=27440"},{"taxonomy":"product_cat","embeddable":true,"href":"https:\/\/www.bodeca.es\/en\/wp-json\/wp\/v2\/product_cat?post=27440"},{"taxonomy":"product_tag","embeddable":true,"href":"https:\/\/www.bodeca.es\/en\/wp-json\/wp\/v2\/product_tag?post=27440"}],"curies":[{"name":"wp","href":"https:\/\/api.w.org\/{rel}","templated":true}]}}