{"id":27438,"date":"2022-11-22T21:17:29","date_gmt":"2022-11-22T20:17:29","guid":{"rendered":"https:\/\/www.bodeca.es\/?post_type=product&#038;p=27438"},"modified":"2023-09-19T13:55:49","modified_gmt":"2023-09-19T11:55:49","slug":"fuego-valyrio","status":"publish","type":"product","link":"https:\/\/www.bodeca.es\/en\/producto\/fuego-valyrio\/","title":{"rendered":"Fuego Valyrio"},"content":{"rendered":"<p>Fuego Valyrio es la bebida inspirada en una famosa serie de ficci\u00f3n, el aut\u00e9ntico fuego de los dragones preparado por alquimistas. Una bebida destinada a ser tu mejor acompa\u00f1ante en las fiestas, especial para chupitos. Su sabor recuerda al whisky con canela picante.<\/p>\n","protected":false},"excerpt":{"rendered":"<p>Licor Fuego Valyrio Juego de Tronos<\/p>\n","protected":false},"featured_media":27468,"comment_status":"open","ping_status":"closed","template":"","meta":[],"product_brand":[],"product_cat":[146],"product_tag":[],"class_list":{"0":"post-27438","1":"product","2":"type-product","3":"status-publish","4":"has-post-thumbnail","6":"product_cat-licores","9":"first","10":"instock","11":"taxable","12":"shipping-taxable","13":"purchasable","14":"product-type-simple"},"_links":{"self":[{"href":"https:\/\/www.bodeca.es\/en\/wp-json\/wp\/v2\/product\/27438","targetHints":{"allow":["GET"]}}],"collection":[{"href":"https:\/\/www.bodeca.es\/en\/wp-json\/wp\/v2\/product"}],"about":[{"href":"https:\/\/www.bodeca.es\/en\/wp-json\/wp\/v2\/types\/product"}],"replies":[{"embeddable":true,"href":"https:\/\/www.bodeca.es\/en\/wp-json\/wp\/v2\/comments?post=27438"}],"wp:featuredmedia":[{"embeddable":true,"href":"https:\/\/www.bodeca.es\/en\/wp-json\/wp\/v2\/media\/27468"}],"wp:attachment":[{"href":"https:\/\/www.bodeca.es\/en\/wp-json\/wp\/v2\/media?parent=27438"}],"wp:term":[{"taxonomy":"product_brand","embeddable":true,"href":"https:\/\/www.bodeca.es\/en\/wp-json\/wp\/v2\/product_brand?post=27438"},{"taxonomy":"product_cat","embeddable":true,"href":"https:\/\/www.bodeca.es\/en\/wp-json\/wp\/v2\/product_cat?post=27438"},{"taxonomy":"product_tag","embeddable":true,"href":"https:\/\/www.bodeca.es\/en\/wp-json\/wp\/v2\/product_tag?post=27438"}],"curies":[{"name":"wp","href":"https:\/\/api.w.org\/{rel}","templated":true}]}}